{"id":18627,"date":"2026-04-15T12:19:57","date_gmt":"2026-04-15T12:19:57","guid":{"rendered":"https:\/\/ecurielestourelles.com\/?page_id=18627"},"modified":"2026-04-15T15:35:03","modified_gmt":"2026-04-15T15:35:03","slug":"maison-piscine-interieure-normandie","status":"publish","type":"page","link":"https:\/\/ecurielestourelles.com\/en_gb\/maison-piscine-interieure-normandie\/","title":{"rendered":"Maison avec piscine int\u00e9rieure Normandie \u2013 Location pr\u00e8s de Honfleur"},"content":{"rendered":"<div data-elementor-type=\"wp-page\" data-elementor-id=\"18627\" class=\"elementor elementor-18627\">\n\t\t\t\t\t\t<section class=\"elementor-section elementor-top-section elementor-element elementor-element-c426dbc elementor-section-boxed elementor-section-height-default elementor-section-height-default\" data-id=\"c426dbc\" data-element_type=\"section\" data-e-type=\"section\">\n\t\t\t\t\t\t<div class=\"elementor-container elementor-column-gap-default\">\n\t\t\t\t\t<div class=\"elementor-column elementor-col-100 elementor-top-column elementor-element elementor-element-ed9dd62\" data-id=\"ed9dd62\" data-element_type=\"column\" data-e-type=\"column\">\n\t\t\t<div class=\"elementor-widget-wrap elementor-element-populated\">\n\t\t\t\t\t\t<div class=\"elementor-element elementor-element-f4e31e1 elementor-widget elementor-widget-text-editor\" data-id=\"f4e31e1\" data-element_type=\"widget\" data-e-type=\"widget\" data-widget_type=\"text-editor.default\">\n\t\t\t\t<div class=\"elementor-widget-container\">\n\t\t\t\t\t\t\t\t\t<p>Maison avec piscine int\u00e9rieure Normandie : s\u00e9journez dans une location de charme avec piscine int\u00e9rieure chauff\u00e9e et jacuzzi pr\u00e8s de Honfleur. Id\u00e9al pour un s\u00e9jour d\u00e9tente toute l\u2019ann\u00e9e en Normandie.<\/p>\t\t\t\t\t\t\t\t<\/div>\n\t\t\t\t<\/div>\n\t\t\t\t\t<\/div>\n\t\t<\/div>\n\t\t\t\t\t<\/div>\n\t\t<\/section>\n\t\t\t\t<section class=\"elementor-section elementor-top-section elementor-element elementor-element-3fc4e40 elementor-section-full_width elementor-section-height-default elementor-section-height-default\" data-id=\"3fc4e40\" data-element_type=\"section\" data-e-type=\"section\">\n\t\t\t\t\t\t<div class=\"elementor-container elementor-column-gap-default\">\n\t\t\t\t\t<div class=\"elementor-column elementor-col-100 elementor-top-column elementor-element elementor-element-7111bec\" data-id=\"7111bec\" data-element_type=\"column\" data-e-type=\"column\">\n\t\t\t<div class=\"elementor-widget-wrap elementor-element-populated\">\n\t\t\t\t\t\t<div class=\"elementor-element elementor-element-40bbd51 elementor-widget elementor-widget-image\" data-id=\"40bbd51\" data-element_type=\"widget\" data-e-type=\"widget\" data-widget_type=\"image.default\">\n\t\t\t\t<div class=\"elementor-widget-container\">\n\t\t\t\t\t\t\t\t\t\t\t\t\t\t\t<img fetchpriority=\"high\" decoding=\"async\" width=\"800\" height=\"533\" src=\"https:\/\/ecurielestourelles.com\/wp-content\/uploads\/2026\/04\/IMG_0354-2-1024x682.jpg\" class=\"attachment-large size-large wp-image-17870\" alt=\"\" srcset=\"https:\/\/ecurielestourelles.com\/wp-content\/uploads\/2026\/04\/IMG_0354-2-1024x682.jpg 1024w, https:\/\/ecurielestourelles.com\/wp-content\/uploads\/2026\/04\/IMG_0354-2-300x200.jpg 300w, https:\/\/ecurielestourelles.com\/wp-content\/uploads\/2026\/04\/IMG_0354-2-768x512.jpg 768w, https:\/\/ecurielestourelles.com\/wp-content\/uploads\/2026\/04\/IMG_0354-2-1536x1023.jpg 1536w, https:\/\/ecurielestourelles.com\/wp-content\/uploads\/2026\/04\/IMG_0354-2-2048x1364.jpg 2048w\" sizes=\"(max-width: 800px) 100vw, 800px\" \/>\t\t\t\t\t\t\t\t\t\t\t\t\t\t\t<\/div>\n\t\t\t\t<\/div>\n\t\t\t\t<div class=\"elementor-element elementor-element-5e02586 elementor-widget elementor-widget-text-editor\" data-id=\"5e02586\" data-element_type=\"widget\" data-e-type=\"widget\" data-widget_type=\"text-editor.default\">\n\t\t\t\t<div class=\"elementor-widget-container\">\n\t\t\t\t\t\t\t\t\t<p>Profitez d\u2019une maison avec piscine int\u00e9rieure chauff\u00e9e accessible toute l\u2019ann\u00e9e, id\u00e9ale pour un s\u00e9jour d\u00e9tente en Normandie, m\u00eame en hiver.<br data-start=\"1151\" data-end=\"1154\" \/>L\u2019\u00c9curie les Tourelles vous propose \u00e9galement un jacuzzi, des prestations haut de gamme et un environnement calme \u00e0 proximit\u00e9 de Honfleur.<\/p>\t\t\t\t\t\t\t\t<\/div>\n\t\t\t\t<\/div>\n\t\t\t\t<div class=\"elementor-element elementor-element-2c121b5 elementor-widget elementor-widget-text-editor\" data-id=\"2c121b5\" data-element_type=\"widget\" data-e-type=\"widget\" data-widget_type=\"text-editor.default\">\n\t\t\t\t<div class=\"elementor-widget-container\">\n\t\t\t\t\t\t\t\t\t<p><strong>## Une maison avec piscine int\u00e9rieure en Normandie pour un s\u00e9jour unique<\/strong><\/p><p>Choisir une maison avec piscine int\u00e9rieure en Normandie, c\u2019est profiter d\u2019un confort exceptionnel en toute saison. Que ce soit en hiver ou en \u00e9t\u00e9, la piscine int\u00e9rieure chauff\u00e9e vous garantit des moments de d\u00e9tente incomparables.<\/p><p>Cette location pr\u00e8s de Honfleur est id\u00e9ale pour un week-end ou des vacances en Normandie. Vous b\u00e9n\u00e9ficiez d\u2019un espace privatif, d\u2019un jacuzzi et d\u2019un cadre calme et raffin\u00e9 pour vous ressourcer pleinement.<\/p><p><strong>## Un emplacement privil\u00e9gi\u00e9 pr\u00e8s de Honfleur<\/strong><\/p><p>Situ\u00e9e \u00e0 proximit\u00e9 imm\u00e9diate de Honfleur, cette maison vous permet de d\u00e9couvrir facilement les plus beaux sites de la r\u00e9gion. Entre mer, campagne et patrimoine, la Normandie offre un cadre parfait pour un s\u00e9jour inoubliable.<\/p><p>Balades en bord de mer, restaurants typiques, visites culturelles ou moments de d\u00e9tente : tout est r\u00e9uni pour profiter pleinement de votre s\u00e9jour.<\/p><p><strong>## Pourquoi choisir une maison avec piscine int\u00e9rieure en Normandie ?<\/strong><\/p><p>Opter pour une maison avec piscine int\u00e9rieure Normandie, c\u2019est faire le choix du confort et de l\u2019exclusivit\u00e9. Vous profitez d\u2019un lieu unique, id\u00e9al pour se d\u00e9tendre et partager des moments privil\u00e9gi\u00e9s.<\/p><p><strong>R\u00e9servez d\u00e8s maintenant votre s\u00e9jour et profitez d\u2019une exp\u00e9rience exceptionnelle pr\u00e8s de Honfleur.<\/strong><\/p>\t\t\t\t\t\t\t\t<\/div>\n\t\t\t\t<\/div>\n\t\t\t\t<div class=\"elementor-element elementor-element-319a070 elementor-widget elementor-widget-text-editor\" data-id=\"319a070\" data-element_type=\"widget\" data-e-type=\"widget\" data-widget_type=\"text-editor.default\">\n\t\t\t\t<div class=\"elementor-widget-container\">\n\t\t\t\t\t\t\t\t\t<p><strong>## Maison avec piscine int\u00e9rieure en Normandie<\/strong><\/p><p>Vous recherchez une maison avec piscine int\u00e9rieure en Normandie pour un s\u00e9jour d\u00e9tente en toute saison ? L\u2019\u00c9curie Les Tourelles vous propose un lieu unique alliant confort, charme et prestations haut de gamme.<\/p><p>La piscine int\u00e9rieure chauff\u00e9e vous permet de profiter d\u2019un moment de relaxation \u00e0 tout moment de l\u2019ann\u00e9e, \u00e9t\u00e9 comme hiver. Associ\u00e9e \u00e0 un jacuzzi, elle offre une exp\u00e9rience bien-\u00eatre id\u00e9ale pour se ressourcer en couple, en famille ou entre amis.<\/p><p><strong>## Une location id\u00e9ale pr\u00e8s de Honfleur<\/strong><\/p><p>Situ\u00e9e \u00e0 proximit\u00e9 de Honfleur, cette maison b\u00e9n\u00e9ficie d\u2019un emplacement privil\u00e9gi\u00e9 pour d\u00e9couvrir la Normandie. Entre mer, campagne et patrimoine, profitez d\u2019un cadre exceptionnel pour votre s\u00e9jour.<\/p><p>Restaurants, balades en bord de mer, visites culturelles et paysages uniques : tout est r\u00e9uni pour vivre une exp\u00e9rience inoubliable.<\/p><p><strong>## Pourquoi choisir une maison avec piscine int\u00e9rieure ?<\/strong><\/p><p>Opter pour une maison avec piscine int\u00e9rieure en Normandie, c\u2019est faire le choix du confort et de la libert\u00e9. Vous profitez d\u2019un espace priv\u00e9, d\u2019\u00e9quipements premium et d\u2019un cadre calme pour un s\u00e9jour r\u00e9ussi.<\/p><p><strong>R\u00e9servez d\u00e8s maintenant votre s\u00e9jour et profitez d\u2019un moment de d\u00e9tente unique pr\u00e8s de Honfleur.<\/strong><\/p>\t\t\t\t\t\t\t\t<\/div>\n\t\t\t\t<\/div>\n\t\t\t\t<div class=\"elementor-element elementor-element-09af603 elementor-widget elementor-widget-text-editor\" data-id=\"09af603\" data-element_type=\"widget\" data-e-type=\"widget\" data-widget_type=\"text-editor.default\">\n\t\t\t\t<div class=\"elementor-widget-container\">\n\t\t\t\t\t\t\t\t\t<p data-start=\"1686\" data-end=\"1704\"><strong data-start=\"1686\" data-end=\"1702\">Voir aussi :<\/strong><\/p><ul data-start=\"1705\" data-end=\"1881\"><li data-section-id=\"r1f1hm\" data-start=\"1705\" data-end=\"1785\">D\u00e9couvrez notre <a href=\"https:\/\/ecurielestourelles.com\/en_gb\/location-maison-honfleur-ecurie-les-tourelles\/\"><strong data-start=\"1723\" data-end=\"1783\">location maison avec piscine int\u00e9rieure pr\u00e8s de Honfleur<\/strong><\/a><\/li><li data-section-id=\"nks752\" data-start=\"1786\" data-end=\"1881\">Explorez notre <a href=\"https:\/\/ecurielestourelles.com\/en_gb\/location-maison-honfleur-haut-de-gamme\/\"><strong data-start=\"1803\" data-end=\"1881\">location maison haut de gamme \u00e0 Honfleur avec piscine int\u00e9rieure &amp; jacuzzi<\/strong><\/a><\/li><\/ul>\t\t\t\t\t\t\t\t<\/div>\n\t\t\t\t<\/div>\n\t\t\t\t\t<\/div>\n\t\t<\/div>\n\t\t\t\t\t<\/div>\n\t\t<\/section>\n\t\t\t\t<section class=\"elementor-section elementor-top-section elementor-element elementor-element-cfb8003 elementor-section-boxed elementor-section-height-default elementor-section-height-default\" data-id=\"cfb8003\" data-element_type=\"section\" data-e-type=\"section\">\n\t\t\t\t\t\t<div class=\"elementor-container elementor-column-gap-default\">\n\t\t\t\t\t<div class=\"elementor-column elementor-col-50 elementor-top-column elementor-element elementor-element-06d23ed\" data-id=\"06d23ed\" data-element_type=\"column\" data-e-type=\"column\">\n\t\t\t<div class=\"elementor-widget-wrap elementor-element-populated\">\n\t\t\t\t\t\t<div class=\"elementor-element elementor-element-3260e03 elementor-widget elementor-widget-heading\" data-id=\"3260e03\" data-element_type=\"widget\" data-e-type=\"widget\" data-widget_type=\"heading.default\">\n\t\t\t\t<div class=\"elementor-widget-container\">\n\t\t\t\t\t<h2 class=\"elementor-heading-title elementor-size-default\">Une maison avec piscine int\u00e9rieure &amp; jaccuzi id\u00e9alement situ\u00e9e en Normandie<\/h2>\t\t\t\t<\/div>\n\t\t\t\t<\/div>\n\t\t\t\t<div class=\"elementor-element elementor-element-d59ed18 elementor-widget elementor-widget-text-editor\" data-id=\"d59ed18\" data-element_type=\"widget\" data-e-type=\"widget\" data-widget_type=\"text-editor.default\">\n\t\t\t\t<div class=\"elementor-widget-container\">\n\t\t\t\t\t\t\t\t\t<p>Situ\u00e9e \u00e0 Gainneville, \u00e0 seulement 10 minutes de Honfleur, l\u2019\u00c9curie les Tourelles b\u00e9n\u00e9ficie d\u2019un emplacement privil\u00e9gi\u00e9 pour d\u00e9couvrir les plus beaux sites de Normandie.<\/p>\t\t\t\t\t\t\t\t<\/div>\n\t\t\t\t<\/div>\n\t\t\t\t<div class=\"elementor-element elementor-element-4c53cb0 elementor-widget elementor-widget-text-editor\" data-id=\"4c53cb0\" data-element_type=\"widget\" data-e-type=\"widget\" data-widget_type=\"text-editor.default\">\n\t\t\t\t<div class=\"elementor-widget-container\">\n\t\t\t\t\t\t\t\t\t<p>\u2022 Honfleur et son vieux port<br data-start=\"608\" data-end=\"611\" \/>\u2022 Les falaises d\u2019\u00c9tretat<br data-start=\"635\" data-end=\"638\" \/>\u2022 Le Havre (class\u00e9 UNESCO)<br data-start=\"664\" data-end=\"667\" \/>\u2022 Les plages de la C\u00f4te Fleurie<\/p>\t\t\t\t\t\t\t\t<\/div>\n\t\t\t\t<\/div>\n\t\t\t\t<div class=\"elementor-element elementor-element-dc6b0db elementor-widget elementor-widget-text-editor\" data-id=\"dc6b0db\" data-element_type=\"widget\" data-e-type=\"widget\" data-widget_type=\"text-editor.default\">\n\t\t\t\t<div class=\"elementor-widget-container\">\n\t\t\t\t\t\t\t\t\t<p>Un cadre parfait entre mer, nature et patrimoine.<\/p>\t\t\t\t\t\t\t\t<\/div>\n\t\t\t\t<\/div>\n\t\t\t\t\t<\/div>\n\t\t<\/div>\n\t\t\t\t<div class=\"elementor-column elementor-col-50 elementor-top-column elementor-element elementor-element-ae947d4\" data-id=\"ae947d4\" data-element_type=\"column\" data-e-type=\"column\">\n\t\t\t<div class=\"elementor-widget-wrap elementor-element-populated\">\n\t\t\t\t\t\t<div class=\"elementor-element elementor-element-4efc4bd elementor-widget elementor-widget-google_maps\" data-id=\"4efc4bd\" data-element_type=\"widget\" data-e-type=\"widget\" data-widget_type=\"google_maps.default\">\n\t\t\t\t<div class=\"elementor-widget-container\">\n\t\t\t\t\t\t\t<div class=\"elementor-custom-embed\">\n\t\t\t<iframe\n\t\t\t\t\tdata-src=\"https:\/\/maps.google.com\/maps?q=12%2C%20rue%20de%20la%20Lib%C3%A9ration%2076700%20Gainneville&#038;t=m&#038;z=9&#038;output=embed&#038;iwloc=near\"\n\t\t\t\t\ttitle=\"12, rue de la Lib\u00e9ration 76700 Gainneville\"\n\t\t\t\t\taria-label=\"12, rue de la Lib\u00e9ration 76700 Gainneville\"\n\t\t\t src=\"data:image\/svg+xml;base64,PHN2ZyB3aWR0aD0iMSIgaGVpZ2h0PSIxIiB4bWxucz0iaHR0cDovL3d3dy53My5vcmcvMjAwMC9zdmciPjwvc3ZnPg==\" class=\"lazyload\" data-load-mode=\"1\"><\/iframe>\n\t\t<\/div>\n\t\t\t\t\t\t<\/div>\n\t\t\t\t<\/div>\n\t\t\t\t\t<\/div>\n\t\t<\/div>\n\t\t\t\t\t<\/div>\n\t\t<\/section>\n\t\t\t\t<section class=\"elementor-section elementor-top-section elementor-element elementor-element-5eafab4 elementor-section-boxed elementor-section-height-default elementor-section-height-default\" data-id=\"5eafab4\" data-element_type=\"section\" data-e-type=\"section\">\n\t\t\t\t\t\t<div class=\"elementor-container elementor-column-gap-default\">\n\t\t\t\t\t<div class=\"elementor-column elementor-col-100 elementor-top-column elementor-element elementor-element-f9d9f08\" data-id=\"f9d9f08\" data-element_type=\"column\" data-e-type=\"column\">\n\t\t\t<div class=\"elementor-widget-wrap elementor-element-populated\">\n\t\t\t\t\t\t<div class=\"elementor-element elementor-element-a40fc99 elementor-widget elementor-widget-heading\" data-id=\"a40fc99\" data-element_type=\"widget\" data-e-type=\"widget\" data-widget_type=\"heading.default\">\n\t\t\t\t<div class=\"elementor-widget-container\">\n\t\t\t\t\t<h2 class=\"elementor-heading-title elementor-size-default\">R\u00e9servez votre maison avec piscine int\u00e9rieure &amp; jaccuzi en Normandie<\/h2>\t\t\t\t<\/div>\n\t\t\t\t<\/div>\n\t\t\t\t<div class=\"elementor-element elementor-element-46482f8 elementor-widget elementor-widget-text-editor\" data-id=\"46482f8\" data-element_type=\"widget\" data-e-type=\"widget\" data-widget_type=\"text-editor.default\">\n\t\t\t\t<div class=\"elementor-widget-container\">\n\t\t\t\t\t\t\t\t\t<p>Les disponibilit\u00e9s sont limit\u00e9es, surtout les week-ends et vacances scolaires.<br data-start=\"1322\" data-end=\"1325\" \/>R\u00e9servez d\u00e8s maintenant votre s\u00e9jour \u00e0 l\u2019\u00c9curie les Tourelles au meilleur tarif en direct.<\/p>\t\t\t\t\t\t\t\t<\/div>\n\t\t\t\t<\/div>\n\t\t\t\t<div class=\"elementor-element elementor-element-84b7b0b elementor-align-center elementor-widget__width-initial elementor-widget elementor-widget-button\" data-id=\"84b7b0b\" data-element_type=\"widget\" data-e-type=\"widget\" data-widget_type=\"button.default\">\n\t\t\t\t<div class=\"elementor-widget-container\">\n\t\t\t\t\t\t\t\t\t<div class=\"elementor-button-wrapper\">\n\t\t\t\t\t<a class=\"elementor-button elementor-button-link elementor-size-sm elementor-animation-grow\" href=\"\/en_gb\/reservez-votre-sejour\/#reservation\">\n\t\t\t\t\t\t<span class=\"elementor-button-content-wrapper\">\n\t\t\t\t\t\t\t\t\t<span class=\"elementor-button-text\">Check availability &amp; rates<\/span>\n\t\t\t\t\t<\/span>\n\t\t\t\t\t<\/a>\n\t\t\t\t<\/div>\n\t\t\t\t\t\t\t\t<\/div>\n\t\t\t\t<\/div>\n\t\t\t\t<div class=\"elementor-element elementor-element-1ca8a2d elementor-widget elementor-widget-text-editor\" data-id=\"1ca8a2d\" data-element_type=\"widget\" data-e-type=\"widget\" data-widget_type=\"text-editor.default\">\n\t\t\t\t<div class=\"elementor-widget-container\">\n\t\t\t\t\t\t\t\t\t<p>Cette maison avec piscine int\u00e9rieure en Normandie est parfaite pour un s\u00e9jour en couple, en famille ou entre amis. Profitez d\u2019un cadre unique et d\u2019un confort haut de gamme \u00e0 proximit\u00e9 de Honfleur.<\/p>\t\t\t\t\t\t\t\t<\/div>\n\t\t\t\t<\/div>\n\t\t\t\t\t<\/div>\n\t\t<\/div>\n\t\t\t\t\t<\/div>\n\t\t<\/section>\n\t\t\t\t<\/div>","protected":false},"excerpt":{"rendered":"<p>Maison avec piscine int\u00e9rieure Normandie : s\u00e9journez dans une location de charme avec piscine int\u00e9rieure chauff\u00e9e et jacuzzi pr\u00e8s de Honfleur. Id\u00e9al pour un s\u00e9jour d\u00e9tente toute l\u2019ann\u00e9e en Normandie. Profitez d\u2019une maison avec piscine int\u00e9rieure chauff\u00e9e accessible toute l\u2019ann\u00e9e, id\u00e9ale pour un s\u00e9jour d\u00e9tente en Normandie, m\u00eame en hiver.L\u2019\u00c9curie les Tourelles vous propose \u00e9galement [&hellip;]<\/p>\n","protected":false},"author":6,"featured_media":0,"parent":0,"menu_order":0,"comment_status":"closed","ping_status":"closed","template":"","meta":{"_monsterinsights_skip_tracking":false,"_monsterinsights_sitenote_active":false,"_monsterinsights_sitenote_note":"","_monsterinsights_sitenote_category":0,"_uf_show_specific_survey":0,"_uf_disable_surveys":false,"_glsr_average":0,"_glsr_ranking":0,"_glsr_reviews":0,"footnotes":""},"class_list":["post-18627","page","type-page","status-publish","hentry"],"_links":{"self":[{"href":"https:\/\/ecurielestourelles.com\/en_gb\/wp-json\/wp\/v2\/pages\/18627","targetHints":{"allow":["GET"]}}],"collection":[{"href":"https:\/\/ecurielestourelles.com\/en_gb\/wp-json\/wp\/v2\/pages"}],"about":[{"href":"https:\/\/ecurielestourelles.com\/en_gb\/wp-json\/wp\/v2\/types\/page"}],"author":[{"embeddable":true,"href":"https:\/\/ecurielestourelles.com\/en_gb\/wp-json\/wp\/v2\/users\/6"}],"replies":[{"embeddable":true,"href":"https:\/\/ecurielestourelles.com\/en_gb\/wp-json\/wp\/v2\/comments?post=18627"}],"version-history":[{"count":35,"href":"https:\/\/ecurielestourelles.com\/en_gb\/wp-json\/wp\/v2\/pages\/18627\/revisions"}],"predecessor-version":[{"id":18759,"href":"https:\/\/ecurielestourelles.com\/en_gb\/wp-json\/wp\/v2\/pages\/18627\/revisions\/18759"}],"wp:attachment":[{"href":"https:\/\/ecurielestourelles.com\/en_gb\/wp-json\/wp\/v2\/media?parent=18627"}],"curies":[{"name":"wp","href":"https:\/\/api.w.org\/{rel}","templated":true}]}}