{"id":18646,"date":"2026-04-15T12:40:00","date_gmt":"2026-04-15T12:40:00","guid":{"rendered":"https:\/\/ecurielestourelles.com\/?page_id=18646"},"modified":"2026-04-15T14:55:52","modified_gmt":"2026-04-15T14:55:52","slug":"location-maison-haut-de-gamme-honfleur","status":"publish","type":"page","link":"https:\/\/ecurielestourelles.com\/en_gb\/location-maison-haut-de-gamme-honfleur\/","title":{"rendered":"Location maison haut de gamme \u00e0 Honfleur \u2013 Piscine int\u00e9rieure &amp; jacuzzi"},"content":{"rendered":"<div data-elementor-type=\"wp-page\" data-elementor-id=\"18646\" class=\"elementor elementor-18646\">\n\t\t\t\t\t\t<section class=\"elementor-section elementor-top-section elementor-element elementor-element-e98ea33 elementor-section-boxed elementor-section-height-default elementor-section-height-default\" data-id=\"e98ea33\" data-element_type=\"section\" data-e-type=\"section\">\n\t\t\t\t\t\t<div class=\"elementor-container elementor-column-gap-default\">\n\t\t\t\t\t<div class=\"elementor-column elementor-col-100 elementor-top-column elementor-element elementor-element-799cf4d\" data-id=\"799cf4d\" data-element_type=\"column\" data-e-type=\"column\">\n\t\t\t<div class=\"elementor-widget-wrap elementor-element-populated\">\n\t\t\t\t\t\t<div class=\"elementor-element elementor-element-b8066e5 elementor-widget elementor-widget-text-editor\" data-id=\"b8066e5\" data-element_type=\"widget\" data-e-type=\"widget\" data-widget_type=\"text-editor.default\">\n\t\t\t\t<div class=\"elementor-widget-container\">\n\t\t\t\t\t\t\t\t\t<p>Location maison haut de gamme Honfleur : profitez d\u2019une maison d\u2019exception avec piscine int\u00e9rieure chauff\u00e9e et jacuzzi, id\u00e9ale pour un s\u00e9jour luxe en Normandie \u00e0 quelques minutes de Honfleur.<\/p>\t\t\t\t\t\t\t\t<\/div>\n\t\t\t\t<\/div>\n\t\t\t\t<div class=\"elementor-element elementor-element-9808ffc elementor-widget elementor-widget-text-editor\" data-id=\"9808ffc\" data-element_type=\"widget\" data-e-type=\"widget\" data-widget_type=\"text-editor.default\">\n\t\t\t\t<div class=\"elementor-widget-container\">\n\t\t\t\t\t\t\t\t\t<p>\u2b50 Plus de 100 s\u00e9jours r\u00e9ussis<br data-start=\"1365\" data-end=\"1368\" \/>\u2714 R\u00e9servation en direct \u2013 meilleur tarif garanti<br data-start=\"1418\" data-end=\"1421\" \/>\ud83d\udd25 Week-ends souvent complets<\/p>\t\t\t\t\t\t\t\t<\/div>\n\t\t\t\t<\/div>\n\t\t\t\t\t<\/div>\n\t\t<\/div>\n\t\t\t\t\t<\/div>\n\t\t<\/section>\n\t\t\t\t<section class=\"elementor-section elementor-top-section elementor-element elementor-element-cb83be4 elementor-section-full_width elementor-section-height-default elementor-section-height-default\" data-id=\"cb83be4\" data-element_type=\"section\" data-e-type=\"section\">\n\t\t\t\t\t\t<div class=\"elementor-container elementor-column-gap-default\">\n\t\t\t\t\t<div class=\"elementor-column elementor-col-100 elementor-top-column elementor-element elementor-element-025af7f\" data-id=\"025af7f\" data-element_type=\"column\" data-e-type=\"column\">\n\t\t\t<div class=\"elementor-widget-wrap elementor-element-populated\">\n\t\t\t\t\t\t<div class=\"elementor-element elementor-element-e60a8ba elementor-widget elementor-widget-image\" data-id=\"e60a8ba\" data-element_type=\"widget\" data-e-type=\"widget\" data-widget_type=\"image.default\">\n\t\t\t\t<div class=\"elementor-widget-container\">\n\t\t\t\t\t\t\t\t\t\t\t\t\t\t\t<img fetchpriority=\"high\" decoding=\"async\" width=\"800\" height=\"410\" src=\"https:\/\/ecurielestourelles.com\/wp-content\/uploads\/2026\/04\/FullSizeRender-1-1024x525.jpeg\" class=\"attachment-large size-large wp-image-17791\" alt=\"\" srcset=\"https:\/\/ecurielestourelles.com\/wp-content\/uploads\/2026\/04\/FullSizeRender-1-1024x525.jpeg 1024w, https:\/\/ecurielestourelles.com\/wp-content\/uploads\/2026\/04\/FullSizeRender-1-300x154.jpeg 300w, https:\/\/ecurielestourelles.com\/wp-content\/uploads\/2026\/04\/FullSizeRender-1-768x394.jpeg 768w, https:\/\/ecurielestourelles.com\/wp-content\/uploads\/2026\/04\/FullSizeRender-1-1536x788.jpeg 1536w, https:\/\/ecurielestourelles.com\/wp-content\/uploads\/2026\/04\/FullSizeRender-1-2048x1050.jpeg 2048w\" sizes=\"(max-width: 800px) 100vw, 800px\" \/>\t\t\t\t\t\t\t\t\t\t\t\t\t\t\t<\/div>\n\t\t\t\t<\/div>\n\t\t\t\t<div class=\"elementor-element elementor-element-9fe1b11 elementor-widget elementor-widget-text-editor\" data-id=\"9fe1b11\" data-element_type=\"widget\" data-e-type=\"widget\" data-widget_type=\"text-editor.default\">\n\t\t\t\t<div class=\"elementor-widget-container\">\n\t\t\t\t\t\t\t\t\t<p><strong>## Une maison haut de gamme avec piscine int\u00e9rieure \u00e0 Honfleur<\/strong><\/p><p>Cette location maison haut de gamme \u00e0 Honfleur est id\u00e9ale pour un s\u00e9jour d\u2019exception en Normandie. Con\u00e7ue pour offrir confort, \u00e9l\u00e9gance et prestations premium, elle r\u00e9pond parfaitement aux attentes des voyageurs exigeants.<\/p><p>Profitez d\u2019une piscine int\u00e9rieure chauff\u00e9e accessible toute l\u2019ann\u00e9e ainsi que d\u2019un jacuzzi pour des moments de d\u00e9tente uniques. Que ce soit pour un week-end en amoureux, des vacances en famille ou un s\u00e9jour entre amis, cette maison offre un cadre raffin\u00e9 et apaisant.<\/p><p><strong>## Un s\u00e9jour luxe en Normandie proche de Honfleur<\/strong><\/p><p>Situ\u00e9e \u00e0 seulement quelques minutes de Honfleur, cette maison haut de gamme b\u00e9n\u00e9ficie d\u2019un emplacement privil\u00e9gi\u00e9. Vous pourrez d\u00e9couvrir le charme du port, les restaurants r\u00e9put\u00e9s et les paysages typiques de la Normandie.<\/p><p>Entre mer et campagne, profitez d\u2019un environnement calme et verdoyant, id\u00e9al pour se ressourcer. Les falaises d\u2019\u00c9tretat, Deauville et Trouville sont \u00e9galement facilement accessibles pour enrichir votre s\u00e9jour.<\/p><p><strong>## Pourquoi choisir une location haut de gamme \u00e0 Honfleur ?<\/strong><\/p><p>Choisir une location maison haut de gamme \u00e0 Honfleur avec piscine int\u00e9rieure, c\u2019est opter pour une exp\u00e9rience unique. Vous b\u00e9n\u00e9ficiez d\u2019un confort optimal, d\u2019\u00e9quipements premium et d\u2019un cadre exclusif pour des moments inoubliables.<\/p><p><strong>R\u00e9servez d\u00e8s maintenant votre s\u00e9jour et profitez d\u2019un lieu d\u2019exception en Normandie.<\/strong><\/p>\t\t\t\t\t\t\t\t<\/div>\n\t\t\t\t<\/div>\n\t\t\t\t<div class=\"elementor-element elementor-element-05ccdc8 elementor-widget elementor-widget-text-editor\" data-id=\"05ccdc8\" data-element_type=\"widget\" data-e-type=\"widget\" data-widget_type=\"text-editor.default\">\n\t\t\t\t<div class=\"elementor-widget-container\">\n\t\t\t\t\t\t\t\t\t<p>Pens\u00e9e pour une client\u00e8le exigeante, la maison offre un niveau de confort et de qualit\u00e9 digne d\u2019un s\u00e9jour h\u00f4telier haut de gamme, tout en conservant le charme et l\u2019intimit\u00e9 d\u2019une maison priv\u00e9e.<\/p>\t\t\t\t\t\t\t\t<\/div>\n\t\t\t\t<\/div>\n\t\t\t\t<div class=\"elementor-element elementor-element-6811c46 elementor-widget elementor-widget-text-editor\" data-id=\"6811c46\" data-element_type=\"widget\" data-e-type=\"widget\" data-widget_type=\"text-editor.default\">\n\t\t\t\t<div class=\"elementor-widget-container\">\n\t\t\t\t\t\t\t\t\t<p data-start=\"1422\" data-end=\"1591\"><em data-start=\"1427\" data-end=\"1591\">Situ\u00e9e \u00e0 proximit\u00e9 imm\u00e9diate de Honfleur, l\u2019\u00c9curie les Tourelles permet de profiter du dynamisme de la ville tout en b\u00e9n\u00e9ficiant du calme de la campagne normande.<\/em><\/p>\t\t\t\t\t\t\t\t<\/div>\n\t\t\t\t<\/div>\n\t\t\t\t\t<\/div>\n\t\t<\/div>\n\t\t\t\t\t<\/div>\n\t\t<\/section>\n\t\t\t\t<section class=\"elementor-section elementor-top-section elementor-element elementor-element-b3a5d58 elementor-section-boxed elementor-section-height-default elementor-section-height-default\" data-id=\"b3a5d58\" data-element_type=\"section\" data-e-type=\"section\">\n\t\t\t\t\t\t<div class=\"elementor-container elementor-column-gap-default\">\n\t\t\t\t\t<div class=\"elementor-column elementor-col-33 elementor-top-column elementor-element elementor-element-df49f04\" data-id=\"df49f04\" data-element_type=\"column\" data-e-type=\"column\">\n\t\t\t<div class=\"elementor-widget-wrap elementor-element-populated\">\n\t\t\t\t\t\t<div class=\"elementor-element elementor-element-253f56c elementor-widget elementor-widget-text-editor\" data-id=\"253f56c\" data-element_type=\"widget\" data-e-type=\"widget\" data-widget_type=\"text-editor.default\">\n\t\t\t\t<div class=\"elementor-widget-container\">\n\t\t\t\t\t\t\t\t\t<p>\u2b50 \u2b50 \u2b50 \u2b50 \u2b50<br data-start=\"244\" data-end=\"247\" \/>\u201cUn v\u00e9ritable coup de c\u0153ur. La maison est sublime, parfaitement d\u00e9cor\u00e9e et extr\u00eamement confortable. La piscine int\u00e9rieure et le jacuzzi apportent une vraie dimension luxe au s\u00e9jour. Id\u00e9al pour un week-end en amoureux pr\u00e8s de Honfleur.\u201d<br data-start=\"482\" data-end=\"485\" \/>\u2014 \u00c9milie &amp; Antoine<\/p>\t\t\t\t\t\t\t\t<\/div>\n\t\t\t\t<\/div>\n\t\t\t\t\t<\/div>\n\t\t<\/div>\n\t\t\t\t<div class=\"elementor-column elementor-col-33 elementor-top-column elementor-element elementor-element-c1664fb\" data-id=\"c1664fb\" data-element_type=\"column\" data-e-type=\"column\">\n\t\t\t<div class=\"elementor-widget-wrap elementor-element-populated\">\n\t\t\t\t\t\t<div class=\"elementor-element elementor-element-3ff3021 elementor-widget elementor-widget-text-editor\" data-id=\"3ff3021\" data-element_type=\"widget\" data-e-type=\"widget\" data-widget_type=\"text-editor.default\">\n\t\t\t\t<div class=\"elementor-widget-container\">\n\t\t\t\t\t\t\t\t\t<p>\u2b50 \u2b50 \u2b50 \u2b50 \u2b50<br data-start=\"563\" data-end=\"566\" \/>\u201cNous avons pass\u00e9 un s\u00e9jour exceptionnel en famille. Tout est pens\u00e9 pour le confort et la d\u00e9tente. Les enfants ont ador\u00e9 la piscine, et nous avons appr\u00e9ci\u00e9 le calme et la qualit\u00e9 des prestations. Une adresse que nous recommandons les yeux ferm\u00e9s.\u201d<br data-start=\"813\" data-end=\"816\" \/>\u2014 Claire &amp; Julien<\/p>\t\t\t\t\t\t\t\t<\/div>\n\t\t\t\t<\/div>\n\t\t\t\t\t<\/div>\n\t\t<\/div>\n\t\t\t\t<div class=\"elementor-column elementor-col-33 elementor-top-column elementor-element elementor-element-025df68\" data-id=\"025df68\" data-element_type=\"column\" data-e-type=\"column\">\n\t\t\t<div class=\"elementor-widget-wrap elementor-element-populated\">\n\t\t\t\t\t\t<div class=\"elementor-element elementor-element-5b89fa7 elementor-widget elementor-widget-text-editor\" data-id=\"5b89fa7\" data-element_type=\"widget\" data-e-type=\"widget\" data-widget_type=\"text-editor.default\">\n\t\t\t\t<div class=\"elementor-widget-container\">\n\t\t\t\t\t\t\t\t\t<p>\u2b50 \u2b50 \u2b50 \u2b50 \u2b50<br data-start=\"904\" data-end=\"907\" \/>\u201cUne des meilleures locations que nous ayons faites. Prestations irr\u00e9prochables, propret\u00e9 parfaite et \u00e9quipements de grande qualit\u00e9. On retrouve le niveau d\u2019un h\u00f4tel haut de gamme avec l\u2019intimit\u00e9 d\u2019une maison priv\u00e9e. Nous reviendrons sans h\u00e9siter.\u201d<br data-start=\"1155\" data-end=\"1158\" \/>\u2014 Laurent D.<\/p>\t\t\t\t\t\t\t\t<\/div>\n\t\t\t\t<\/div>\n\t\t\t\t\t<\/div>\n\t\t<\/div>\n\t\t\t\t\t<\/div>\n\t\t<\/section>\n\t\t\t\t<section class=\"elementor-section elementor-top-section elementor-element elementor-element-4eddd77 elementor-section-boxed elementor-section-height-default elementor-section-height-default\" data-id=\"4eddd77\" data-element_type=\"section\" data-e-type=\"section\">\n\t\t\t\t\t\t<div class=\"elementor-container elementor-column-gap-default\">\n\t\t\t\t\t<div class=\"elementor-column elementor-col-100 elementor-top-column elementor-element elementor-element-3a2d7ba\" data-id=\"3a2d7ba\" data-element_type=\"column\" data-e-type=\"column\">\n\t\t\t<div class=\"elementor-widget-wrap elementor-element-populated\">\n\t\t\t\t\t\t<div class=\"elementor-element elementor-element-a321703 elementor-widget elementor-widget-heading\" data-id=\"a321703\" data-element_type=\"widget\" data-e-type=\"widget\" data-widget_type=\"heading.default\">\n\t\t\t\t<div class=\"elementor-widget-container\">\n\t\t\t\t\t<h2 class=\"elementor-heading-title elementor-size-default\">R\u00e9servez votre maison haut de gamme \u00e0 Honfleur<\/h2>\t\t\t\t<\/div>\n\t\t\t\t<\/div>\n\t\t\t\t<div class=\"elementor-element elementor-element-e266bf0 elementor-widget elementor-widget-text-editor\" data-id=\"e266bf0\" data-element_type=\"widget\" data-e-type=\"widget\" data-widget_type=\"text-editor.default\">\n\t\t\t\t<div class=\"elementor-widget-container\">\n\t\t\t\t\t\t\t\t\t<p>Les disponibilit\u00e9s sont limit\u00e9es, notamment en week-end et haute saison.<br data-start=\"1867\" data-end=\"1870\" \/>R\u00e9servez d\u00e8s maintenant pour garantir votre s\u00e9jour au meilleur tarif en direct.<\/p>\t\t\t\t\t\t\t\t<\/div>\n\t\t\t\t<\/div>\n\t\t\t\t<div class=\"elementor-element elementor-element-f89b1b7 elementor-align-center elementor-widget__width-initial elementor-widget elementor-widget-button\" data-id=\"f89b1b7\" data-element_type=\"widget\" data-e-type=\"widget\" data-widget_type=\"button.default\">\n\t\t\t\t<div class=\"elementor-widget-container\">\n\t\t\t\t\t\t\t\t\t<div class=\"elementor-button-wrapper\">\n\t\t\t\t\t<a class=\"elementor-button elementor-button-link elementor-size-sm elementor-animation-grow\" href=\"\/en_gb\/reservez-votre-sejour\/#reservation\">\n\t\t\t\t\t\t<span class=\"elementor-button-content-wrapper\">\n\t\t\t\t\t\t\t\t\t<span class=\"elementor-button-text\">R\u00e9server maintenant<\/span>\n\t\t\t\t\t<\/span>\n\t\t\t\t\t<\/a>\n\t\t\t\t<\/div>\n\t\t\t\t\t\t\t\t<\/div>\n\t\t\t\t<\/div>\n\t\t\t\t<div class=\"elementor-element elementor-element-130845d elementor-widget elementor-widget-text-editor\" data-id=\"130845d\" data-element_type=\"widget\" data-e-type=\"widget\" data-widget_type=\"text-editor.default\">\n\t\t\t\t<div class=\"elementor-widget-container\">\n\t\t\t\t\t\t\t\t\t<p>\u2b50 <em data-start=\"2067\" data-end=\"2101\">Meilleur tarif garanti en direct<\/em><br data-start=\"2101\" data-end=\"2104\" \/>\u2b50 <em data-start=\"2106\" data-end=\"2136\">Aucune commission plateforme<\/em><br data-start=\"2136\" data-end=\"2139\" \/>\u2b50 <em data-start=\"2141\" data-end=\"2171\">R\u00e9servation simple et rapide<\/em><\/p>\t\t\t\t\t\t\t\t<\/div>\n\t\t\t\t<\/div>\n\t\t\t\t\t<\/div>\n\t\t<\/div>\n\t\t\t\t\t<\/div>\n\t\t<\/section>\n\t\t\t\t<section class=\"elementor-section elementor-top-section elementor-element elementor-element-fcb3e41 elementor-section-boxed elementor-section-height-default elementor-section-height-default\" data-id=\"fcb3e41\" data-element_type=\"section\" data-e-type=\"section\">\n\t\t\t\t\t\t<div class=\"elementor-container elementor-column-gap-default\">\n\t\t\t\t\t<div class=\"elementor-column elementor-col-100 elementor-top-column elementor-element elementor-element-b886ad2\" data-id=\"b886ad2\" data-element_type=\"column\" data-e-type=\"column\">\n\t\t\t<div class=\"elementor-widget-wrap elementor-element-populated\">\n\t\t\t\t\t\t<div class=\"elementor-element elementor-element-510657d elementor-widget elementor-widget-text-editor\" data-id=\"510657d\" data-element_type=\"widget\" data-e-type=\"widget\" data-widget_type=\"text-editor.default\">\n\t\t\t\t<div class=\"elementor-widget-container\">\n\t\t\t\t\t\t\t\t\t<p><strong>## Un lieu id\u00e9al pour un s\u00e9jour inoubliable \u00e0 Honfleur<\/strong><\/p><p>Cette location maison haut de gamme \u00e0 Honfleur avec piscine int\u00e9rieure est parfaite pour se retrouver et profiter d\u2019un moment hors du temps. Chaque d\u00e9tail a \u00e9t\u00e9 pens\u00e9 pour offrir confort, s\u00e9r\u00e9nit\u00e9 et bien-\u00eatre.<\/p><p>Que vous veniez pour un week-end ou pour plusieurs jours, vous appr\u00e9cierez le calme, la qualit\u00e9 des \u00e9quipements et la proximit\u00e9 des plus beaux sites de Normandie. Entre d\u00e9tente dans la piscine int\u00e9rieure, moments conviviaux et d\u00e9couvertes locales, votre s\u00e9jour sera unique.<\/p><p><strong>R\u00e9servez d\u00e8s maintenant votre location \u00e0 Honfleur et profitez d\u2019une exp\u00e9rience haut de gamme exceptionnelle.<\/strong><\/p>\t\t\t\t\t\t\t\t<\/div>\n\t\t\t\t<\/div>\n\t\t\t\t<div class=\"elementor-element elementor-element-4b3fef9 elementor-widget elementor-widget-text-editor\" data-id=\"4b3fef9\" data-element_type=\"widget\" data-e-type=\"widget\" data-widget_type=\"text-editor.default\">\n\t\t\t\t<div class=\"elementor-widget-container\">\n\t\t\t\t\t\t\t\t\t<p data-start=\"2307\" data-end=\"2336\"><strong data-start=\"2307\" data-end=\"2334\">\u00c0 d\u00e9couvrir \u00e9galement :<\/strong><\/p><ul data-start=\"2337\" data-end=\"2478\"><li data-section-id=\"cms77r\" data-start=\"2337\" data-end=\"2412\">Voir notre <a href=\"https:\/\/ecurielestourelles.com\/en_gb\/location-maison-honfleur-ecurie-les-tourelles\/\"><strong data-start=\"2350\" data-end=\"2410\">location maison avec piscine int\u00e9rieure pr\u00e8s de Honfleur<\/strong><\/a><\/li><li data-section-id=\"3hj0uw\" data-start=\"2413\" data-end=\"2478\">D\u00e9couvrir notre <a href=\"https:\/\/ecurielestourelles.com\/en_gb\/maison-avec-piscine-interieure-en-normandie\/\"><strong data-start=\"2431\" data-end=\"2478\">maison avec piscine int\u00e9rieure en Normandie<\/strong><\/a><\/li><\/ul>\t\t\t\t\t\t\t\t<\/div>\n\t\t\t\t<\/div>\n\t\t\t\t<div class=\"elementor-element elementor-element-7563842 elementor-widget elementor-widget-text-editor\" data-id=\"7563842\" data-element_type=\"widget\" data-e-type=\"widget\" data-widget_type=\"text-editor.default\">\n\t\t\t\t<div class=\"elementor-widget-container\">\n\t\t\t\t\t\t\t\t\t<p>Profitez d\u2019un s\u00e9jour unique dans une maison haut de gamme avec piscine int\u00e9rieure \u00e0 Honfleur.<\/p>\t\t\t\t\t\t\t\t<\/div>\n\t\t\t\t<\/div>\n\t\t\t\t\t<\/div>\n\t\t<\/div>\n\t\t\t\t\t<\/div>\n\t\t<\/section>\n\t\t\t\t<\/div>","protected":false},"excerpt":{"rendered":"<p>Location maison haut de gamme Honfleur : profitez d\u2019une maison d\u2019exception avec piscine int\u00e9rieure chauff\u00e9e et jacuzzi, id\u00e9ale pour un s\u00e9jour luxe en Normandie \u00e0 quelques minutes de Honfleur. \u2b50 Plus de 100 s\u00e9jours r\u00e9ussis\u2714 R\u00e9servation en direct \u2013 meilleur tarif garanti\ud83d\udd25 Week-ends souvent complets ## Une maison haut de gamme avec piscine int\u00e9rieure \u00e0 [&hellip;]<\/p>\n","protected":false},"author":6,"featured_media":0,"parent":0,"menu_order":0,"comment_status":"closed","ping_status":"closed","template":"","meta":{"_monsterinsights_skip_tracking":false,"_monsterinsights_sitenote_active":false,"_monsterinsights_sitenote_note":"","_monsterinsights_sitenote_category":0,"_uf_show_specific_survey":0,"_uf_disable_surveys":false,"_glsr_average":0,"_glsr_ranking":0,"_glsr_reviews":0,"footnotes":""},"class_list":["post-18646","page","type-page","status-publish","hentry"],"_links":{"self":[{"href":"https:\/\/ecurielestourelles.com\/en_gb\/wp-json\/wp\/v2\/pages\/18646","targetHints":{"allow":["GET"]}}],"collection":[{"href":"https:\/\/ecurielestourelles.com\/en_gb\/wp-json\/wp\/v2\/pages"}],"about":[{"href":"https:\/\/ecurielestourelles.com\/en_gb\/wp-json\/wp\/v2\/types\/page"}],"author":[{"embeddable":true,"href":"https:\/\/ecurielestourelles.com\/en_gb\/wp-json\/wp\/v2\/users\/6"}],"replies":[{"embeddable":true,"href":"https:\/\/ecurielestourelles.com\/en_gb\/wp-json\/wp\/v2\/comments?post=18646"}],"version-history":[{"count":43,"href":"https:\/\/ecurielestourelles.com\/en_gb\/wp-json\/wp\/v2\/pages\/18646\/revisions"}],"predecessor-version":[{"id":18737,"href":"https:\/\/ecurielestourelles.com\/en_gb\/wp-json\/wp\/v2\/pages\/18646\/revisions\/18737"}],"wp:attachment":[{"href":"https:\/\/ecurielestourelles.com\/en_gb\/wp-json\/wp\/v2\/media?parent=18646"}],"curies":[{"name":"wp","href":"https:\/\/api.w.org\/{rel}","templated":true}]}}