{"id":5716,"date":"2023-05-26T11:39:52","date_gmt":"2023-05-26T11:39:52","guid":{"rendered":"https:\/\/ecurielestourelles.com\/?page_id=5716"},"modified":"2026-04-14T07:16:38","modified_gmt":"2026-04-14T07:16:38","slug":"la-maison","status":"publish","type":"page","link":"https:\/\/ecurielestourelles.com\/en_gb\/la-maison\/","title":{"rendered":"The property"},"content":{"rendered":"<div data-elementor-type=\"wp-page\" data-elementor-id=\"5716\" class=\"elementor elementor-5716\">\n\t\t\t\t\t\t<section class=\"elementor-section elementor-top-section elementor-element elementor-element-6d42efe elementor-section-full_width elementor-section-height-min-height elementor-section-content-middle header-sticky elementor-section-height-default elementor-section-items-middle\" data-id=\"6d42efe\" data-element_type=\"section\" data-e-type=\"section\">\n\t\t\t\t\t\t<div class=\"elementor-container elementor-column-gap-no\">\n\t\t\t\t\t<div class=\"elementor-column elementor-col-33 elementor-top-column elementor-element elementor-element-6da53d0\" data-id=\"6da53d0\" data-element_type=\"column\" data-e-type=\"column\">\n\t\t\t<div class=\"elementor-widget-wrap elementor-element-populated\">\n\t\t\t\t\t\t<div class=\"elementor-element elementor-element-f957afd elementor-widget elementor-widget-image\" data-id=\"f957afd\" data-element_type=\"widget\" data-e-type=\"widget\" data-widget_type=\"image.default\">\n\t\t\t\t<div class=\"elementor-widget-container\">\n\t\t\t\t\t\t\t\t\t\t\t\t\t\t\t\t<a href=\"https:\/\/ecurielestourelles.com\/en_gb\/\">\n\t\t\t\t\t\t\t<img fetchpriority=\"high\" decoding=\"async\" width=\"775\" height=\"450\" src=\"https:\/\/ecurielestourelles.com\/wp-content\/uploads\/2022\/04\/logo_horizontal_corrige-1.png\" class=\"attachment-large size-large wp-image-17841\" alt=\"\" srcset=\"https:\/\/ecurielestourelles.com\/wp-content\/uploads\/2022\/04\/logo_horizontal_corrige-1.png 775w, https:\/\/ecurielestourelles.com\/wp-content\/uploads\/2022\/04\/logo_horizontal_corrige-1-300x174.png 300w, https:\/\/ecurielestourelles.com\/wp-content\/uploads\/2022\/04\/logo_horizontal_corrige-1-768x446.png 768w\" sizes=\"(max-width: 775px) 100vw, 775px\" \/>\t\t\t\t\t\t\t\t<\/a>\n\t\t\t\t\t\t\t\t\t\t\t\t\t\t\t<\/div>\n\t\t\t\t<\/div>\n\t\t\t\t\t<\/div>\n\t\t<\/div>\n\t\t\t\t<div class=\"elementor-column elementor-col-33 elementor-top-column elementor-element elementor-element-ea9b0f4\" data-id=\"ea9b0f4\" data-element_type=\"column\" data-e-type=\"column\">\n\t\t\t<div class=\"elementor-widget-wrap elementor-element-populated\">\n\t\t\t\t\t\t<div class=\"elementor-element elementor-element-57fbbad elementor-hidden-mobile elementor-widget elementor-widget-text-editor\" data-id=\"57fbbad\" data-element_type=\"widget\" data-e-type=\"widget\" data-widget_type=\"text-editor.default\">\n\t\t\t\t<div class=\"elementor-widget-container\">\n\t\t\t\t\t\t\t\t\t<a style=\"margin-right: 60px; text-decoration: none; color: #333; font-weight: 500;\" href=\"#maison\">The property<\/a>\n<a style=\"text-decoration: none; color: #333; font-weight: 500;\" href=\"#galerie\">Photo gallery<\/a>\t\t\t\t\t\t\t\t<\/div>\n\t\t\t\t<\/div>\n\t\t\t\t\t<\/div>\n\t\t<\/div>\n\t\t\t\t<div class=\"elementor-column elementor-col-33 elementor-top-column elementor-element elementor-element-aacbe86\" data-id=\"aacbe86\" data-element_type=\"column\" data-e-type=\"column\">\n\t\t\t<div class=\"elementor-widget-wrap elementor-element-populated\">\n\t\t\t\t\t\t<div class=\"elementor-element elementor-element-0431e32 elementor-align-center elementor-widget elementor-widget-button\" data-id=\"0431e32\" data-element_type=\"widget\" data-e-type=\"widget\" data-widget_type=\"button.default\">\n\t\t\t\t<div class=\"elementor-widget-container\">\n\t\t\t\t\t\t\t\t\t<div class=\"elementor-button-wrapper\">\n\t\t\t\t\t<a class=\"elementor-button elementor-button-link elementor-size-sm\" href=\"\/en_gb\/reservez-votre-sejour\/#reservation\">\n\t\t\t\t\t\t<span class=\"elementor-button-content-wrapper\">\n\t\t\t\t\t\t\t\t\t<span class=\"elementor-button-text\">Book your stay<\/span>\n\t\t\t\t\t<\/span>\n\t\t\t\t\t<\/a>\n\t\t\t\t<\/div>\n\t\t\t\t\t\t\t\t<\/div>\n\t\t\t\t<\/div>\n\t\t\t\t<div class=\"elementor-element elementor-element-53221d0 elementor-align-center elementor-hidden-mobile elementor-list-item-link-full_width elementor-widget elementor-widget-icon-list\" data-id=\"53221d0\" data-element_type=\"widget\" data-e-type=\"widget\" data-widget_type=\"icon-list.default\">\n\t\t\t\t<div class=\"elementor-widget-container\">\n\t\t\t\t\t\t\t<ul class=\"elementor-icon-list-items\">\n\t\t\t\t\t\t\t<li class=\"elementor-icon-list-item\">\n\t\t\t\t\t\t\t\t\t\t\t<a href=\"mailto:contact@ecurielestourelles.com\">\n\n\t\t\t\t\t\t\t\t\t\t\t\t<span class=\"elementor-icon-list-icon\">\n\t\t\t\t\t\t\t<i aria-hidden=\"true\" class=\"icon icon-email\"><\/i>\t\t\t\t\t\t<\/span>\n\t\t\t\t\t\t\t\t\t\t<span class=\"elementor-icon-list-text\">contact@ecurielestourelles.com<\/span>\n\t\t\t\t\t\t\t\t\t\t\t<\/a>\n\t\t\t\t\t\t\t\t\t<\/li>\n\t\t\t\t\t\t\t\t<li class=\"elementor-icon-list-item\">\n\t\t\t\t\t\t\t\t\t\t\t<a href=\"tel:0634879320\">\n\n\t\t\t\t\t\t\t\t\t\t\t\t<span class=\"elementor-icon-list-icon\">\n\t\t\t\t\t\t\t<i aria-hidden=\"true\" class=\"icon icon-phone-handset\"><\/i>\t\t\t\t\t\t<\/span>\n\t\t\t\t\t\t\t\t\t\t<span class=\"elementor-icon-list-text\">+33 6 34 87 93 20<\/span>\n\t\t\t\t\t\t\t\t\t\t\t<\/a>\n\t\t\t\t\t\t\t\t\t<\/li>\n\t\t\t\t\t\t<\/ul>\n\t\t\t\t\t\t<\/div>\n\t\t\t\t<\/div>\n\t\t\t\t\t<\/div>\n\t\t<\/div>\n\t\t\t\t\t<\/div>\n\t\t<\/section>\n\t\t\t\t<section class=\"elementor-section elementor-top-section elementor-element elementor-element-a26o76j elementor-section-content-middle elementor-reverse-mobile elementor-section-boxed elementor-section-height-default elementor-section-height-default\" data-id=\"a26o76j\" data-element_type=\"section\" data-e-type=\"section\" data-settings=\"{&quot;background_background&quot;:&quot;classic&quot;}\">\n\t\t\t\t\t\t<div class=\"elementor-container elementor-column-gap-default\">\n\t\t\t\t\t<div class=\"elementor-column elementor-col-100 elementor-top-column elementor-element elementor-element-cf76402\" data-id=\"cf76402\" data-element_type=\"column\" data-e-type=\"column\" data-settings=\"{&quot;background_background&quot;:&quot;classic&quot;}\">\n\t\t\t<div class=\"elementor-widget-wrap elementor-element-populated\">\n\t\t\t\t\t\t<div class=\"elementor-element elementor-element-8f15f14 elementor-widget elementor-widget-heading\" data-id=\"8f15f14\" data-element_type=\"widget\" data-e-type=\"widget\" data-widget_type=\"heading.default\">\n\t\t\t\t<div class=\"elementor-widget-container\">\n\t\t\t\t\t<h2 class=\"elementor-heading-title elementor-size-default\">\u00c9curie Les Tourelles<\/h2>\t\t\t\t<\/div>\n\t\t\t\t<\/div>\n\t\t\t\t<div class=\"elementor-element elementor-element-129813c elementor-widget__width-inherit elementor-widget elementor-widget-text-editor\" data-id=\"129813c\" data-element_type=\"widget\" data-e-type=\"widget\" data-widget_type=\"text-editor.default\">\n\t\t\t\t<div class=\"elementor-widget-container\">\n\t\t\t\t\t\t\t\t\t<p style=\"text-align: justify; margin: 15.0pt 0cm 15.0pt 0cm;\"><span style=\"font-size: 13.5pt; font-family: 'Segoe UI',sans-serif; color: black;\">Welcome to \u00c9curie Les Tourelles, a charming holiday home nestled in the heart of the Normandy countryside. Surrounded by five hectares of century-old trees, our estate is the perfect place to relax and enjoy quality time with family or friends.\n\nJust a 20-minute drive from the port of Honfleur and the cliffs of \u00c9tretat, and only 15 minutes from the seaside, you are ideally located near the region\u2019s most beautiful attractions.<\/span><\/p><p style=\"text-align: justify; margin: 15.0pt 0cm 15.0pt 0cm;\"><span style=\"font-size: 13.5pt; font-family: 'Segoe UI',sans-serif; color: black;\">Our story began in 2020, when we, Alexandre and Fanny, decided to leave city life behind and settle in the countryside with our five children.\n\nWe purchased the Tourelles manor, built in 1850, and undertook an 18-month renovation with the help of local craftsmen. During this process, we discovered the adjoining stable, which had remained untouched for decades.\n\nWe then had the idea of transforming it into a holiday home for our family and friends. In 2022, we decided to share this unique place with others by launching our seasonal rental activity.<\/span><\/p>\t\t\t\t\t\t\t\t<\/div>\n\t\t\t\t<\/div>\n\t\t\t\t\t<\/div>\n\t\t<\/div>\n\t\t\t\t\t<\/div>\n\t\t<\/section>\n\t\t\t\t<section class=\"elementor-section elementor-top-section elementor-element elementor-element-9mrzz70 elementor-section-content-top elementor-section-boxed elementor-section-height-default elementor-section-height-default\" data-id=\"9mrzz70\" data-element_type=\"section\" data-e-type=\"section\" data-settings=\"{&quot;background_background&quot;:&quot;classic&quot;}\">\n\t\t\t\t\t\t\t<div class=\"elementor-background-overlay\"><\/div>\n\t\t\t\t\t\t\t<div class=\"elementor-container elementor-column-gap-no\">\n\t\t\t\t\t<div class=\"elementor-column elementor-col-100 elementor-top-column elementor-element elementor-element-fd3d3a5\" data-id=\"fd3d3a5\" data-element_type=\"column\" data-e-type=\"column\">\n\t\t\t<div class=\"elementor-widget-wrap elementor-element-populated\">\n\t\t\t\t\t\t<div class=\"elementor-element elementor-element-02c3e36 elementor-widget elementor-widget-heading\" data-id=\"02c3e36\" data-element_type=\"widget\" data-e-type=\"widget\" data-widget_type=\"heading.default\">\n\t\t\t\t<div class=\"elementor-widget-container\">\n\t\t\t\t\t<h2 class=\"elementor-heading-title elementor-size-default\">A Charming Retreat for Unforgettable Experiences<\/h2>\t\t\t\t<\/div>\n\t\t\t\t<\/div>\n\t\t\t\t<div class=\"elementor-element elementor-element-4529f61 elementor-widget__width-inherit elementor-widget elementor-widget-text-editor\" data-id=\"4529f61\" data-element_type=\"widget\" data-e-type=\"widget\" data-widget_type=\"text-editor.default\">\n\t\t\t\t<div class=\"elementor-widget-container\">\n\t\t\t\t\t\t\t\t\t<p>The year 2022 marked the opening of our holiday home to guests from all over the world. We quickly understood the importance of our guests\u2019 well-being and have provided a full range of carefully selected amenities designed to offer a truly relaxing and memorable stay.\n\nOur heated indoor swimming pool, open all year round, and our jacuzzi are the true highlights of the property. We also offer a p\u00e9tanque court, a trampoline for children, and a 250 m\u00b2 terrace to fully enjoy the Normandy sunshine.\n\nIn addition, we have developed partnerships with wellness professionals, including beauty therapists and reflexology specialists, to offer our guests exclusive and relaxing services.\u00a0<\/p><p>We value direct contact with our guests, which is why we do not offer instant bookings. Our goal is to understand your expectations and needs in order to create a truly unique and tailored experience. We are present on platforms such as Airbnb and Booking, where many guests return each year to enjoy our warm hospitality and the unique charm of our property.<\/p><p>Beyond being a holiday home, our estate is also available for team-building events and business meetings. We offer high-speed internet access and large-screen projection facilities for professional presentations.<\/p><p>If you are a visual professional, our manor and estate are also available for photo shoots and filming through dedicated professional platforms.<\/p><p>We look forward to welcoming you to \u00c9curie Les Tourelles.<\/p>\t\t\t\t\t\t\t\t<\/div>\n\t\t\t\t<\/div>\n\t\t\t\t\t<\/div>\n\t\t<\/div>\n\t\t\t\t\t<\/div>\n\t\t<\/section>\n\t\t\t\t<section class=\"elementor-section elementor-top-section elementor-element elementor-element-2d4715d elementor-section-full_width elementor-section-height-default elementor-section-height-default\" data-id=\"2d4715d\" data-element_type=\"section\" data-e-type=\"section\">\n\t\t\t\t\t\t<div class=\"elementor-container elementor-column-gap-default\">\n\t\t\t\t\t<div class=\"elementor-column elementor-col-100 elementor-top-column elementor-element elementor-element-a7817c6\" data-id=\"a7817c6\" data-element_type=\"column\" data-e-type=\"column\">\n\t\t\t<div class=\"elementor-widget-wrap elementor-element-populated\">\n\t\t\t\t\t\t<div class=\"elementor-element elementor-element-236fd12 elementor-widget elementor-widget-text-editor\" data-id=\"236fd12\" data-element_type=\"widget\" data-e-type=\"widget\" data-widget_type=\"text-editor.default\">\n\t\t\t\t<div class=\"elementor-widget-container\">\n\t\t\t\t\t\t\t\t\t<p>\u00a9 2026 \u00c9curie Les Tourelles \u2014 All rights reserved<\/p>\t\t\t\t\t\t\t\t<\/div>\n\t\t\t\t<\/div>\n\t\t\t\t\t<\/div>\n\t\t<\/div>\n\t\t\t\t\t<\/div>\n\t\t<\/section>\n\t\t\t\t<\/div>","protected":false},"excerpt":{"rendered":"<p>La maison Galerie photos R\u00e9server votre s\u00e9jour contact@ecurielestourelles.com +33 6 34 87 93 20 \u00c9curie Les Tourelles Bienvenue \u00e0 l&rsquo;\u00c9curie Les Tourelles, une maison de vill\u00e9giature de charme situ\u00e9e au c\u0153ur des prairies normandes. Nich\u00e9e dans un parc de 5 000 m\u00b2 d&rsquo;arbres centenaires, notre domaine est l&rsquo;endroit id\u00e9al pour vous d\u00e9tendre et passer un [&hellip;]<\/p>\n","protected":false},"author":5,"featured_media":0,"parent":0,"menu_order":0,"comment_status":"closed","ping_status":"closed","template":"elementor_canvas","meta":{"_monsterinsights_skip_tracking":false,"_monsterinsights_sitenote_active":false,"_monsterinsights_sitenote_note":"","_monsterinsights_sitenote_category":0,"_uf_show_specific_survey":0,"_uf_disable_surveys":false,"_glsr_average":0,"_glsr_ranking":0,"_glsr_reviews":0,"footnotes":""},"class_list":["post-5716","page","type-page","status-publish","hentry"],"_links":{"self":[{"href":"https:\/\/ecurielestourelles.com\/en_gb\/wp-json\/wp\/v2\/pages\/5716","targetHints":{"allow":["GET"]}}],"collection":[{"href":"https:\/\/ecurielestourelles.com\/en_gb\/wp-json\/wp\/v2\/pages"}],"about":[{"href":"https:\/\/ecurielestourelles.com\/en_gb\/wp-json\/wp\/v2\/types\/page"}],"author":[{"embeddable":true,"href":"https:\/\/ecurielestourelles.com\/en_gb\/wp-json\/wp\/v2\/users\/5"}],"replies":[{"embeddable":true,"href":"https:\/\/ecurielestourelles.com\/en_gb\/wp-json\/wp\/v2\/comments?post=5716"}],"version-history":[{"count":120,"href":"https:\/\/ecurielestourelles.com\/en_gb\/wp-json\/wp\/v2\/pages\/5716\/revisions"}],"predecessor-version":[{"id":18478,"href":"https:\/\/ecurielestourelles.com\/en_gb\/wp-json\/wp\/v2\/pages\/5716\/revisions\/18478"}],"wp:attachment":[{"href":"https:\/\/ecurielestourelles.com\/en_gb\/wp-json\/wp\/v2\/media?parent=5716"}],"curies":[{"name":"wp","href":"https:\/\/api.w.org\/{rel}","templated":true}]}}