{"id":5728,"date":"2023-05-26T11:50:24","date_gmt":"2023-05-26T11:50:24","guid":{"rendered":"https:\/\/ecurielestourelles.com\/?page_id=5728"},"modified":"2026-04-14T07:19:11","modified_gmt":"2026-04-14T07:19:11","slug":"presse","status":"publish","type":"page","link":"https:\/\/ecurielestourelles.com\/en_gb\/presse\/","title":{"rendered":"Presse &amp; m\u00e9dias"},"content":{"rendered":"<div data-elementor-type=\"wp-page\" data-elementor-id=\"5728\" class=\"elementor elementor-5728\">\n\t\t\t\t\t\t<section class=\"elementor-section elementor-top-section elementor-element elementor-element-682c5a5 elementor-section-full_width elementor-section-height-min-height elementor-section-content-middle header-sticky elementor-section-height-default elementor-section-items-middle\" data-id=\"682c5a5\" data-element_type=\"section\" data-e-type=\"section\">\n\t\t\t\t\t\t<div class=\"elementor-container elementor-column-gap-no\">\n\t\t\t\t\t<div class=\"elementor-column elementor-col-33 elementor-top-column elementor-element elementor-element-61f83b9\" data-id=\"61f83b9\" data-element_type=\"column\" data-e-type=\"column\">\n\t\t\t<div class=\"elementor-widget-wrap elementor-element-populated\">\n\t\t\t\t\t\t<div class=\"elementor-element elementor-element-eed5f42 elementor-widget elementor-widget-image\" data-id=\"eed5f42\" data-element_type=\"widget\" data-e-type=\"widget\" data-widget_type=\"image.default\">\n\t\t\t\t<div class=\"elementor-widget-container\">\n\t\t\t\t\t\t\t\t\t\t\t\t\t\t\t\t<a href=\"https:\/\/ecurielestourelles.com\/en_gb\/\">\n\t\t\t\t\t\t\t<img fetchpriority=\"high\" decoding=\"async\" width=\"775\" height=\"450\" src=\"https:\/\/ecurielestourelles.com\/wp-content\/uploads\/2022\/04\/logo_horizontal_corrige-1.png\" class=\"attachment-large size-large wp-image-17841\" alt=\"\" srcset=\"https:\/\/ecurielestourelles.com\/wp-content\/uploads\/2022\/04\/logo_horizontal_corrige-1.png 775w, https:\/\/ecurielestourelles.com\/wp-content\/uploads\/2022\/04\/logo_horizontal_corrige-1-300x174.png 300w, https:\/\/ecurielestourelles.com\/wp-content\/uploads\/2022\/04\/logo_horizontal_corrige-1-768x446.png 768w\" sizes=\"(max-width: 775px) 100vw, 775px\" \/>\t\t\t\t\t\t\t\t<\/a>\n\t\t\t\t\t\t\t\t\t\t\t\t\t\t\t<\/div>\n\t\t\t\t<\/div>\n\t\t\t\t\t<\/div>\n\t\t<\/div>\n\t\t\t\t<div class=\"elementor-column elementor-col-33 elementor-top-column elementor-element elementor-element-29903cc\" data-id=\"29903cc\" data-element_type=\"column\" data-e-type=\"column\">\n\t\t\t<div class=\"elementor-widget-wrap elementor-element-populated\">\n\t\t\t\t\t\t<div class=\"elementor-element elementor-element-b901eb0 elementor-hidden-mobile elementor-widget elementor-widget-text-editor\" data-id=\"b901eb0\" data-element_type=\"widget\" data-e-type=\"widget\" data-widget_type=\"text-editor.default\">\n\t\t\t\t<div class=\"elementor-widget-container\">\n\t\t\t\t\t\t\t\t\t<a style=\"margin-right: 60px; text-decoration: none; color: #333; font-weight: 500;\" href=\"#maison\">The property<\/a>\n<a style=\"text-decoration: none; color: #333; font-weight: 500;\" href=\"#galerie\">Photo gallery<\/a>\t\t\t\t\t\t\t\t<\/div>\n\t\t\t\t<\/div>\n\t\t\t\t\t<\/div>\n\t\t<\/div>\n\t\t\t\t<div class=\"elementor-column elementor-col-33 elementor-top-column elementor-element elementor-element-0b9ec6e\" data-id=\"0b9ec6e\" data-element_type=\"column\" data-e-type=\"column\">\n\t\t\t<div class=\"elementor-widget-wrap elementor-element-populated\">\n\t\t\t\t\t\t<div class=\"elementor-element elementor-element-ac761f2 elementor-align-center elementor-widget elementor-widget-button\" data-id=\"ac761f2\" data-element_type=\"widget\" data-e-type=\"widget\" data-widget_type=\"button.default\">\n\t\t\t\t<div class=\"elementor-widget-container\">\n\t\t\t\t\t\t\t\t\t<div class=\"elementor-button-wrapper\">\n\t\t\t\t\t<a class=\"elementor-button elementor-button-link elementor-size-sm\" href=\"\/en_gb\/reservez-votre-sejour\/#reservation\">\n\t\t\t\t\t\t<span class=\"elementor-button-content-wrapper\">\n\t\t\t\t\t\t\t\t\t<span class=\"elementor-button-text\">Book your stay<\/span>\n\t\t\t\t\t<\/span>\n\t\t\t\t\t<\/a>\n\t\t\t\t<\/div>\n\t\t\t\t\t\t\t\t<\/div>\n\t\t\t\t<\/div>\n\t\t\t\t<div class=\"elementor-element elementor-element-b052247 elementor-align-center elementor-hidden-mobile elementor-list-item-link-full_width elementor-widget elementor-widget-icon-list\" data-id=\"b052247\" data-element_type=\"widget\" data-e-type=\"widget\" data-widget_type=\"icon-list.default\">\n\t\t\t\t<div class=\"elementor-widget-container\">\n\t\t\t\t\t\t\t<ul class=\"elementor-icon-list-items\">\n\t\t\t\t\t\t\t<li class=\"elementor-icon-list-item\">\n\t\t\t\t\t\t\t\t\t\t\t<a href=\"mailto:contact@ecurielestourelles.com\">\n\n\t\t\t\t\t\t\t\t\t\t\t\t<span class=\"elementor-icon-list-icon\">\n\t\t\t\t\t\t\t<i aria-hidden=\"true\" class=\"icon icon-email\"><\/i>\t\t\t\t\t\t<\/span>\n\t\t\t\t\t\t\t\t\t\t<span class=\"elementor-icon-list-text\">contact@ecurielestourelles.com<\/span>\n\t\t\t\t\t\t\t\t\t\t\t<\/a>\n\t\t\t\t\t\t\t\t\t<\/li>\n\t\t\t\t\t\t\t\t<li class=\"elementor-icon-list-item\">\n\t\t\t\t\t\t\t\t\t\t\t<a href=\"tel:0634879320\">\n\n\t\t\t\t\t\t\t\t\t\t\t\t<span class=\"elementor-icon-list-icon\">\n\t\t\t\t\t\t\t<i aria-hidden=\"true\" class=\"icon icon-phone-handset\"><\/i>\t\t\t\t\t\t<\/span>\n\t\t\t\t\t\t\t\t\t\t<span class=\"elementor-icon-list-text\">+33 6 34 87 93 20<\/span>\n\t\t\t\t\t\t\t\t\t\t\t<\/a>\n\t\t\t\t\t\t\t\t\t<\/li>\n\t\t\t\t\t\t<\/ul>\n\t\t\t\t\t\t<\/div>\n\t\t\t\t<\/div>\n\t\t\t\t\t<\/div>\n\t\t<\/div>\n\t\t\t\t\t<\/div>\n\t\t<\/section>\n\t\t\t\t<section class=\"elementor-section elementor-top-section elementor-element elementor-element-4a0d1041 elementor-section-full_width elementor-section-height-default elementor-section-height-default\" data-id=\"4a0d1041\" data-element_type=\"section\" data-e-type=\"section\" data-settings=\"{&quot;background_background&quot;:&quot;classic&quot;}\">\n\t\t\t\t\t\t<div class=\"elementor-container elementor-column-gap-default\">\n\t\t\t\t\t<div class=\"elementor-column elementor-col-100 elementor-top-column elementor-element elementor-element-2f75774a\" data-id=\"2f75774a\" data-element_type=\"column\" data-e-type=\"column\">\n\t\t\t<div class=\"elementor-widget-wrap elementor-element-populated\">\n\t\t\t\t\t\t<div class=\"elementor-element elementor-element-14b95011 elementor-widget elementor-widget-heading\" data-id=\"14b95011\" data-element_type=\"widget\" data-e-type=\"widget\" data-widget_type=\"heading.default\">\n\t\t\t\t<div class=\"elementor-widget-container\">\n\t\t\t\t\t<h2 class=\"elementor-heading-title elementor-size-default\">What the media say about us\u2026<\/h2>\t\t\t\t<\/div>\n\t\t\t\t<\/div>\n\t\t\t\t<section class=\"elementor-section elementor-inner-section elementor-element elementor-element-aca1c1 elementor-section-full_width bloc-marie elementor-section-height-default elementor-section-height-default\" data-id=\"aca1c1\" data-element_type=\"section\" data-e-type=\"section\">\n\t\t\t\t\t\t<div class=\"elementor-container elementor-column-gap-default\">\n\t\t\t\t\t<div class=\"elementor-column elementor-col-50 elementor-inner-column elementor-element elementor-element-3566a6ce\" data-id=\"3566a6ce\" data-element_type=\"column\" data-e-type=\"column\">\n\t\t\t<div class=\"elementor-widget-wrap elementor-element-populated\">\n\t\t\t\t\t\t<div class=\"elementor-element elementor-element-6848c31d elementor-widget elementor-widget-heading\" data-id=\"6848c31d\" data-element_type=\"widget\" data-e-type=\"widget\" data-widget_type=\"heading.default\">\n\t\t\t\t<div class=\"elementor-widget-container\">\n\t\t\t\t\t<h2 class=\"elementor-heading-title elementor-size-default\">Marie France Magazine: A little corner of paradise in the heart of the Normandy countryside.<\/h2>\t\t\t\t<\/div>\n\t\t\t\t<\/div>\n\t\t\t\t<div class=\"elementor-element elementor-element-74f71de7 elementor-widget elementor-widget-text-editor\" data-id=\"74f71de7\" data-element_type=\"widget\" data-e-type=\"widget\" data-widget_type=\"text-editor.default\">\n\t\t\t\t<div class=\"elementor-widget-container\">\n\t\t\t\t\t\t\t\t\t<p>At the heart of the Normandy countryside, just 20 minutes by car from the port of Honfleur and the cliffs of \u00c9tretat, and only 15 minutes from the seaside, this peaceful haven offers visitors a truly relaxing escape with family or friends.\n\nNestled within a 5,000 m\u00b2 park filled with century-old trees, \u00c9curie Les Tourelles welcomes guests from all over the world throughout the year.\u00a0<\/p><p>A wonderful adventure launched three years ago by Alexandre and Fanny, alongside their five children.<\/p>\t\t\t\t\t\t\t\t<\/div>\n\t\t\t\t<\/div>\n\t\t\t\t<div class=\"elementor-element elementor-element-68d5dd74 elementor-widget elementor-widget-button\" data-id=\"68d5dd74\" data-element_type=\"widget\" data-e-type=\"widget\" data-widget_type=\"button.default\">\n\t\t\t\t<div class=\"elementor-widget-container\">\n\t\t\t\t\t\t\t\t\t<div class=\"elementor-button-wrapper\">\n\t\t\t\t\t<a class=\"elementor-button elementor-button-link elementor-size-sm elementor-animation-grow\" href=\"https:\/\/www.marieclaire.fr\/adresses-incontournables\/ecurie-les-tourelles\/\" rel=\"nofollow noopener\" target=\"_blank\">\n\t\t\t\t\t\t<span class=\"elementor-button-content-wrapper\">\n\t\t\t\t\t\t\t\t\t<span class=\"elementor-button-text\">Continue reading<\/span>\n\t\t\t\t\t<\/span>\n\t\t\t\t\t<\/a>\n\t\t\t\t<\/div>\n\t\t\t\t\t\t\t\t<\/div>\n\t\t\t\t<\/div>\n\t\t\t\t\t<\/div>\n\t\t<\/div>\n\t\t\t\t<div class=\"elementor-column elementor-col-50 elementor-inner-column elementor-element elementor-element-10ebc38e\" data-id=\"10ebc38e\" data-element_type=\"column\" data-e-type=\"column\">\n\t\t\t<div class=\"elementor-widget-wrap elementor-element-populated\">\n\t\t\t\t\t\t<div class=\"elementor-element elementor-element-552ed231 gallery-spacing-custom elementor-widget elementor-widget-image-gallery\" data-id=\"552ed231\" data-element_type=\"widget\" data-e-type=\"widget\" data-widget_type=\"image-gallery.default\">\n\t\t\t\t<div class=\"elementor-widget-container\">\n\t\t\t\t\t\t\t<div class=\"elementor-image-gallery\">\n\t\t\t<div id='gallery-1' class='gallery galleryid-5728 gallery-columns-2 gallery-size-medium'><figure class='gallery-item'>\n\t\t\t<div class='gallery-icon landscape'>\n\t\t\t\t<a data-elementor-open-lightbox=\"yes\" data-elementor-lightbox-slideshow=\"552ed231\" data-elementor-lightbox-title=\"1\" data-e-action-hash=\"#elementor-action%3Aaction%3Dlightbox%26settings%3DeyJpZCI6NjEwNSwidXJsIjoiaHR0cHM6XC9cL2VjdXJpZWxlc3RvdXJlbGxlcy5jb21cL3dwLWNvbnRlbnRcL3VwbG9hZHNcLzIwMjNcLzA1XC8xLnBuZyIsInNsaWRlc2hvdyI6IjU1MmVkMjMxIn0%3D\" href=\"https:\/\/ecurielestourelles.com\/wp-content\/uploads\/2023\/05\/1.png\"><img decoding=\"async\" width=\"300\" height=\"300\" data-src=\"https:\/\/ecurielestourelles.com\/wp-content\/uploads\/2023\/05\/1-300x300.png\" class=\"attachment-medium size-medium lazyload\" alt=\"\" data-srcset=\"https:\/\/ecurielestourelles.com\/wp-content\/uploads\/2023\/05\/1-300x300.png 300w, https:\/\/ecurielestourelles.com\/wp-content\/uploads\/2023\/05\/1-150x150.png 150w, https:\/\/ecurielestourelles.com\/wp-content\/uploads\/2023\/05\/1.png 500w\" data-sizes=\"(max-width: 300px) 100vw, 300px\" src=\"data:image\/svg+xml;base64,PHN2ZyB3aWR0aD0iMSIgaGVpZ2h0PSIxIiB4bWxucz0iaHR0cDovL3d3dy53My5vcmcvMjAwMC9zdmciPjwvc3ZnPg==\" style=\"--smush-placeholder-width: 300px; --smush-placeholder-aspect-ratio: 300\/300;\" \/><\/a>\n\t\t\t<\/div><\/figure><figure class='gallery-item'>\n\t\t\t<div class='gallery-icon landscape'>\n\t\t\t\t<a data-elementor-open-lightbox=\"yes\" data-elementor-lightbox-slideshow=\"552ed231\" data-elementor-lightbox-title=\"3\" data-e-action-hash=\"#elementor-action%3Aaction%3Dlightbox%26settings%3DeyJpZCI6NjEwNywidXJsIjoiaHR0cHM6XC9cL2VjdXJpZWxlc3RvdXJlbGxlcy5jb21cL3dwLWNvbnRlbnRcL3VwbG9hZHNcLzIwMjNcLzA1XC8zLTIucG5nIiwic2xpZGVzaG93IjoiNTUyZWQyMzEifQ%3D%3D\" href=\"https:\/\/ecurielestourelles.com\/wp-content\/uploads\/2023\/05\/3-2.png\"><img decoding=\"async\" width=\"300\" height=\"300\" data-src=\"https:\/\/ecurielestourelles.com\/wp-content\/uploads\/2023\/05\/3-2-300x300.png\" class=\"attachment-medium size-medium lazyload\" alt=\"\" data-srcset=\"https:\/\/ecurielestourelles.com\/wp-content\/uploads\/2023\/05\/3-2-300x300.png 300w, https:\/\/ecurielestourelles.com\/wp-content\/uploads\/2023\/05\/3-2-150x150.png 150w, https:\/\/ecurielestourelles.com\/wp-content\/uploads\/2023\/05\/3-2.png 500w\" data-sizes=\"(max-width: 300px) 100vw, 300px\" src=\"data:image\/svg+xml;base64,PHN2ZyB3aWR0aD0iMSIgaGVpZ2h0PSIxIiB4bWxucz0iaHR0cDovL3d3dy53My5vcmcvMjAwMC9zdmciPjwvc3ZnPg==\" style=\"--smush-placeholder-width: 300px; --smush-placeholder-aspect-ratio: 300\/300;\" \/><\/a>\n\t\t\t<\/div><\/figure><figure class='gallery-item'>\n\t\t\t<div class='gallery-icon landscape'>\n\t\t\t\t<a data-elementor-open-lightbox=\"yes\" data-elementor-lightbox-slideshow=\"552ed231\" data-elementor-lightbox-title=\"4\" data-e-action-hash=\"#elementor-action%3Aaction%3Dlightbox%26settings%3DeyJpZCI6NjEwOCwidXJsIjoiaHR0cHM6XC9cL2VjdXJpZWxlc3RvdXJlbGxlcy5jb21cL3dwLWNvbnRlbnRcL3VwbG9hZHNcLzIwMjNcLzA1XC80LnBuZyIsInNsaWRlc2hvdyI6IjU1MmVkMjMxIn0%3D\" href=\"https:\/\/ecurielestourelles.com\/wp-content\/uploads\/2023\/05\/4.png\"><img decoding=\"async\" width=\"300\" height=\"300\" data-src=\"https:\/\/ecurielestourelles.com\/wp-content\/uploads\/2023\/05\/4-300x300.png\" class=\"attachment-medium size-medium lazyload\" alt=\"\" data-srcset=\"https:\/\/ecurielestourelles.com\/wp-content\/uploads\/2023\/05\/4-300x300.png 300w, https:\/\/ecurielestourelles.com\/wp-content\/uploads\/2023\/05\/4-150x150.png 150w, https:\/\/ecurielestourelles.com\/wp-content\/uploads\/2023\/05\/4.png 500w\" data-sizes=\"(max-width: 300px) 100vw, 300px\" src=\"data:image\/svg+xml;base64,PHN2ZyB3aWR0aD0iMSIgaGVpZ2h0PSIxIiB4bWxucz0iaHR0cDovL3d3dy53My5vcmcvMjAwMC9zdmciPjwvc3ZnPg==\" style=\"--smush-placeholder-width: 300px; --smush-placeholder-aspect-ratio: 300\/300;\" \/><\/a>\n\t\t\t<\/div><\/figure><figure class='gallery-item'>\n\t\t\t<div class='gallery-icon landscape'>\n\t\t\t\t<a data-elementor-open-lightbox=\"yes\" data-elementor-lightbox-slideshow=\"552ed231\" data-elementor-lightbox-title=\"Design sans titre (54)\" data-e-action-hash=\"#elementor-action%3Aaction%3Dlightbox%26settings%3DeyJpZCI6NjExMiwidXJsIjoiaHR0cHM6XC9cL2VjdXJpZWxlc3RvdXJlbGxlcy5jb21cL3dwLWNvbnRlbnRcL3VwbG9hZHNcLzIwMjNcLzA1XC9EZXNpZ24tc2Fucy10aXRyZS01NC5wbmciLCJzbGlkZXNob3ciOiI1NTJlZDIzMSJ9\" href=\"https:\/\/ecurielestourelles.com\/wp-content\/uploads\/2023\/05\/Design-sans-titre-54.png\"><img decoding=\"async\" width=\"300\" height=\"300\" data-src=\"https:\/\/ecurielestourelles.com\/wp-content\/uploads\/2023\/05\/Design-sans-titre-54-300x300.png\" class=\"attachment-medium size-medium lazyload\" alt=\"\" data-srcset=\"https:\/\/ecurielestourelles.com\/wp-content\/uploads\/2023\/05\/Design-sans-titre-54-300x300.png 300w, https:\/\/ecurielestourelles.com\/wp-content\/uploads\/2023\/05\/Design-sans-titre-54-150x150.png 150w, https:\/\/ecurielestourelles.com\/wp-content\/uploads\/2023\/05\/Design-sans-titre-54.png 500w\" data-sizes=\"(max-width: 300px) 100vw, 300px\" src=\"data:image\/svg+xml;base64,PHN2ZyB3aWR0aD0iMSIgaGVpZ2h0PSIxIiB4bWxucz0iaHR0cDovL3d3dy53My5vcmcvMjAwMC9zdmciPjwvc3ZnPg==\" style=\"--smush-placeholder-width: 300px; --smush-placeholder-aspect-ratio: 300\/300;\" \/><\/a>\n\t\t\t<\/div><\/figure>\n\t\t<\/div>\n\t\t<\/div>\n\t\t\t\t\t\t<\/div>\n\t\t\t\t<\/div>\n\t\t\t\t\t<\/div>\n\t\t<\/div>\n\t\t\t\t\t<\/div>\n\t\t<\/section>\n\t\t\t\t<section class=\"elementor-section elementor-inner-section elementor-element elementor-element-a9aa369 elementor-section-full_width bloc-gala elementor-section-height-default elementor-section-height-default\" data-id=\"a9aa369\" data-element_type=\"section\" data-e-type=\"section\">\n\t\t\t\t\t\t<div class=\"elementor-container elementor-column-gap-default\">\n\t\t\t\t\t<div class=\"elementor-column elementor-col-50 elementor-inner-column elementor-element elementor-element-808ae39\" data-id=\"808ae39\" data-element_type=\"column\" data-e-type=\"column\">\n\t\t\t<div class=\"elementor-widget-wrap elementor-element-populated\">\n\t\t\t\t\t\t<div class=\"elementor-element elementor-element-780f3ea elementor-widget elementor-widget-heading\" data-id=\"780f3ea\" data-element_type=\"widget\" data-e-type=\"widget\" data-widget_type=\"heading.default\">\n\t\t\t\t<div class=\"elementor-widget-container\">\n\t\t\t\t\t<h2 class=\"elementor-heading-title elementor-size-default\">Gala Magazine: \u00c9curie Les Tourelles \u2013 The unique charm of an exceptional stay.<\/h2>\t\t\t\t<\/div>\n\t\t\t\t<\/div>\n\t\t\t\t<div class=\"elementor-element elementor-element-bcb5228 elementor-widget elementor-widget-text-editor\" data-id=\"bcb5228\" data-element_type=\"widget\" data-e-type=\"widget\" data-widget_type=\"text-editor.default\">\n\t\t\t\t<div class=\"elementor-widget-container\">\n\t\t\t\t\t\t\t\t\t<p>In the heart of the Normandy countryside, set within the lush surroundings of a 19th-century manor, just 15 minutes from the sea, Honfleur and \u00c9tretat, this charming property reveals itself as a truly unique retreat.\u00a0<\/p>\t\t\t\t\t\t\t\t<\/div>\n\t\t\t\t<\/div>\n\t\t\t\t<div class=\"elementor-element elementor-element-bf2df0f elementor-widget elementor-widget-button\" data-id=\"bf2df0f\" data-element_type=\"widget\" data-e-type=\"widget\" data-widget_type=\"button.default\">\n\t\t\t\t<div class=\"elementor-widget-container\">\n\t\t\t\t\t\t\t\t\t<div class=\"elementor-button-wrapper\">\n\t\t\t\t\t<a class=\"elementor-button elementor-button-link elementor-size-sm elementor-animation-grow\" href=\"https:\/\/www.moncarnet-gala.fr\/articles\/view\/ECURIE-LES-TOURELLES\" rel=\"nofollow noopener\" target=\"_blank\">\n\t\t\t\t\t\t<span class=\"elementor-button-content-wrapper\">\n\t\t\t\t\t\t\t\t\t<span class=\"elementor-button-text\">Continue reading<\/span>\n\t\t\t\t\t<\/span>\n\t\t\t\t\t<\/a>\n\t\t\t\t<\/div>\n\t\t\t\t\t\t\t\t<\/div>\n\t\t\t\t<\/div>\n\t\t\t\t\t<\/div>\n\t\t<\/div>\n\t\t\t\t<div class=\"elementor-column elementor-col-50 elementor-inner-column elementor-element elementor-element-fc9487f\" data-id=\"fc9487f\" data-element_type=\"column\" data-e-type=\"column\">\n\t\t\t<div class=\"elementor-widget-wrap elementor-element-populated\">\n\t\t\t\t\t\t<div class=\"elementor-element elementor-element-78c3e67 gallery-spacing-custom elementor-widget elementor-widget-image-gallery\" data-id=\"78c3e67\" data-element_type=\"widget\" data-e-type=\"widget\" data-widget_type=\"image-gallery.default\">\n\t\t\t\t<div class=\"elementor-widget-container\">\n\t\t\t\t\t\t\t<div class=\"elementor-image-gallery\">\n\t\t\t<div id='gallery-2' class='gallery galleryid-5728 gallery-columns-2 gallery-size-medium'><figure class='gallery-item'>\n\t\t\t<div class='gallery-icon landscape'>\n\t\t\t\t<a data-elementor-open-lightbox=\"yes\" data-elementor-lightbox-slideshow=\"78c3e67\" data-elementor-lightbox-title=\"1\" data-e-action-hash=\"#elementor-action%3Aaction%3Dlightbox%26settings%3DeyJpZCI6NzIzMCwidXJsIjoiaHR0cHM6XC9cL2VjdXJpZWxlc3RvdXJlbGxlcy5jb21cL3dwLWNvbnRlbnRcL3VwbG9hZHNcLzIwMjNcLzEwXC8xLnBuZyIsInNsaWRlc2hvdyI6Ijc4YzNlNjcifQ%3D%3D\" href=\"https:\/\/ecurielestourelles.com\/wp-content\/uploads\/2023\/10\/1.png\"><img decoding=\"async\" width=\"300\" height=\"300\" data-src=\"https:\/\/ecurielestourelles.com\/wp-content\/uploads\/2023\/10\/1-300x300.png\" class=\"attachment-medium size-medium lazyload\" alt=\"\" data-srcset=\"https:\/\/ecurielestourelles.com\/wp-content\/uploads\/2023\/10\/1-300x300.png 300w, https:\/\/ecurielestourelles.com\/wp-content\/uploads\/2023\/10\/1-150x150.png 150w, https:\/\/ecurielestourelles.com\/wp-content\/uploads\/2023\/10\/1.png 500w\" data-sizes=\"(max-width: 300px) 100vw, 300px\" src=\"data:image\/svg+xml;base64,PHN2ZyB3aWR0aD0iMSIgaGVpZ2h0PSIxIiB4bWxucz0iaHR0cDovL3d3dy53My5vcmcvMjAwMC9zdmciPjwvc3ZnPg==\" style=\"--smush-placeholder-width: 300px; --smush-placeholder-aspect-ratio: 300\/300;\" \/><\/a>\n\t\t\t<\/div><\/figure><figure class='gallery-item'>\n\t\t\t<div class='gallery-icon landscape'>\n\t\t\t\t<a data-elementor-open-lightbox=\"yes\" data-elementor-lightbox-slideshow=\"78c3e67\" data-elementor-lightbox-title=\"2\" data-e-action-hash=\"#elementor-action%3Aaction%3Dlightbox%26settings%3DeyJpZCI6NzIzMSwidXJsIjoiaHR0cHM6XC9cL2VjdXJpZWxlc3RvdXJlbGxlcy5jb21cL3dwLWNvbnRlbnRcL3VwbG9hZHNcLzIwMjNcLzEwXC8yLnBuZyIsInNsaWRlc2hvdyI6Ijc4YzNlNjcifQ%3D%3D\" href=\"https:\/\/ecurielestourelles.com\/wp-content\/uploads\/2023\/10\/2.png\"><img decoding=\"async\" width=\"300\" height=\"300\" data-src=\"https:\/\/ecurielestourelles.com\/wp-content\/uploads\/2023\/10\/2-300x300.png\" class=\"attachment-medium size-medium lazyload\" alt=\"\" data-srcset=\"https:\/\/ecurielestourelles.com\/wp-content\/uploads\/2023\/10\/2-300x300.png 300w, https:\/\/ecurielestourelles.com\/wp-content\/uploads\/2023\/10\/2-150x150.png 150w, https:\/\/ecurielestourelles.com\/wp-content\/uploads\/2023\/10\/2.png 500w\" data-sizes=\"(max-width: 300px) 100vw, 300px\" src=\"data:image\/svg+xml;base64,PHN2ZyB3aWR0aD0iMSIgaGVpZ2h0PSIxIiB4bWxucz0iaHR0cDovL3d3dy53My5vcmcvMjAwMC9zdmciPjwvc3ZnPg==\" style=\"--smush-placeholder-width: 300px; --smush-placeholder-aspect-ratio: 300\/300;\" \/><\/a>\n\t\t\t<\/div><\/figure><figure class='gallery-item'>\n\t\t\t<div class='gallery-icon landscape'>\n\t\t\t\t<a data-elementor-open-lightbox=\"yes\" data-elementor-lightbox-slideshow=\"78c3e67\" data-elementor-lightbox-title=\"3\" data-e-action-hash=\"#elementor-action%3Aaction%3Dlightbox%26settings%3DeyJpZCI6NzIzMiwidXJsIjoiaHR0cHM6XC9cL2VjdXJpZWxlc3RvdXJlbGxlcy5jb21cL3dwLWNvbnRlbnRcL3VwbG9hZHNcLzIwMjNcLzEwXC8zLnBuZyIsInNsaWRlc2hvdyI6Ijc4YzNlNjcifQ%3D%3D\" href=\"https:\/\/ecurielestourelles.com\/wp-content\/uploads\/2023\/10\/3.png\"><img decoding=\"async\" width=\"300\" height=\"300\" data-src=\"https:\/\/ecurielestourelles.com\/wp-content\/uploads\/2023\/10\/3-300x300.png\" class=\"attachment-medium size-medium lazyload\" alt=\"\" data-srcset=\"https:\/\/ecurielestourelles.com\/wp-content\/uploads\/2023\/10\/3-300x300.png 300w, https:\/\/ecurielestourelles.com\/wp-content\/uploads\/2023\/10\/3-150x150.png 150w, https:\/\/ecurielestourelles.com\/wp-content\/uploads\/2023\/10\/3.png 500w\" data-sizes=\"(max-width: 300px) 100vw, 300px\" src=\"data:image\/svg+xml;base64,PHN2ZyB3aWR0aD0iMSIgaGVpZ2h0PSIxIiB4bWxucz0iaHR0cDovL3d3dy53My5vcmcvMjAwMC9zdmciPjwvc3ZnPg==\" style=\"--smush-placeholder-width: 300px; --smush-placeholder-aspect-ratio: 300\/300;\" \/><\/a>\n\t\t\t<\/div><\/figure><figure class='gallery-item'>\n\t\t\t<div class='gallery-icon landscape'>\n\t\t\t\t<a data-elementor-open-lightbox=\"yes\" data-elementor-lightbox-slideshow=\"78c3e67\" data-elementor-lightbox-title=\"3\" data-e-action-hash=\"#elementor-action%3Aaction%3Dlightbox%26settings%3DeyJpZCI6NzIzMywidXJsIjoiaHR0cHM6XC9cL2VjdXJpZWxlc3RvdXJlbGxlcy5jb21cL3dwLWNvbnRlbnRcL3VwbG9hZHNcLzIwMjNcLzEwXC80LnBuZyIsInNsaWRlc2hvdyI6Ijc4YzNlNjcifQ%3D%3D\" href=\"https:\/\/ecurielestourelles.com\/wp-content\/uploads\/2023\/10\/4.png\"><img decoding=\"async\" width=\"300\" height=\"300\" data-src=\"https:\/\/ecurielestourelles.com\/wp-content\/uploads\/2023\/10\/4-300x300.png\" class=\"attachment-medium size-medium lazyload\" alt=\"\" aria-describedby=\"gallery-2-7233\" data-srcset=\"https:\/\/ecurielestourelles.com\/wp-content\/uploads\/2023\/10\/4-300x300.png 300w, https:\/\/ecurielestourelles.com\/wp-content\/uploads\/2023\/10\/4-150x150.png 150w, https:\/\/ecurielestourelles.com\/wp-content\/uploads\/2023\/10\/4.png 500w\" data-sizes=\"(max-width: 300px) 100vw, 300px\" src=\"data:image\/svg+xml;base64,PHN2ZyB3aWR0aD0iMSIgaGVpZ2h0PSIxIiB4bWxucz0iaHR0cDovL3d3dy53My5vcmcvMjAwMC9zdmciPjwvc3ZnPg==\" style=\"--smush-placeholder-width: 300px; --smush-placeholder-aspect-ratio: 300\/300;\" \/><\/a>\n\t\t\t<\/div>\n\t\t\t\t<figcaption class='wp-caption-text gallery-caption' id='gallery-2-7233'>\n\t\t\t\tEspace piscine\n\t\t\t\t<\/figcaption><\/figure>\n\t\t<\/div>\n\t\t<\/div>\n\t\t\t\t\t\t<\/div>\n\t\t\t\t<\/div>\n\t\t\t\t\t<\/div>\n\t\t<\/div>\n\t\t\t\t\t<\/div>\n\t\t<\/section>\n\t\t\t\t\t<\/div>\n\t\t<\/div>\n\t\t\t\t\t<\/div>\n\t\t<\/section>\n\t\t\t\t<section class=\"elementor-section elementor-top-section elementor-element elementor-element-f290873 elementor-section-full_width elementor-section-height-default elementor-section-height-default\" data-id=\"f290873\" data-element_type=\"section\" data-e-type=\"section\">\n\t\t\t\t\t\t<div class=\"elementor-container elementor-column-gap-default\">\n\t\t\t\t\t<div class=\"elementor-column elementor-col-100 elementor-top-column elementor-element elementor-element-2fff294\" data-id=\"2fff294\" data-element_type=\"column\" data-e-type=\"column\">\n\t\t\t<div class=\"elementor-widget-wrap elementor-element-populated\">\n\t\t\t\t\t\t<div class=\"elementor-element elementor-element-2a7575e elementor-widget elementor-widget-text-editor\" data-id=\"2a7575e\" data-element_type=\"widget\" data-e-type=\"widget\" data-widget_type=\"text-editor.default\">\n\t\t\t\t<div class=\"elementor-widget-container\">\n\t\t\t\t\t\t\t\t\t<p>\u00a9 2026 \u00c9curie Les Tourelles \u2014 All rights reserved<\/p>\t\t\t\t\t\t\t\t<\/div>\n\t\t\t\t<\/div>\n\t\t\t\t\t<\/div>\n\t\t<\/div>\n\t\t\t\t\t<\/div>\n\t\t<\/section>\n\t\t\t\t<\/div>","protected":false},"excerpt":{"rendered":"<p>La maison Galerie photos R\u00e9server votre s\u00e9jour contact@ecurielestourelles.com +33 6 34 87 93 20 Ce que disent les m\u00e9dias \u00e0 notre sujet&#8230; Magazine Marie France : Un petit coin de paradis au c\u0153ur des terres normandes. Au c\u0153ur des prairies normandes, \u00e0 20 min en voiture du port d&rsquo;Honfleur, des falaises d\u2019Etretat et \u00e0 seulement [&hellip;]<\/p>\n","protected":false},"author":5,"featured_media":0,"parent":0,"menu_order":0,"comment_status":"closed","ping_status":"closed","template":"elementor_canvas","meta":{"_monsterinsights_skip_tracking":false,"_monsterinsights_sitenote_active":false,"_monsterinsights_sitenote_note":"","_monsterinsights_sitenote_category":0,"_uf_show_specific_survey":0,"_uf_disable_surveys":false,"_glsr_average":0,"_glsr_ranking":0,"_glsr_reviews":0,"footnotes":""},"class_list":["post-5728","page","type-page","status-publish","hentry"],"_links":{"self":[{"href":"https:\/\/ecurielestourelles.com\/en_gb\/wp-json\/wp\/v2\/pages\/5728","targetHints":{"allow":["GET"]}}],"collection":[{"href":"https:\/\/ecurielestourelles.com\/en_gb\/wp-json\/wp\/v2\/pages"}],"about":[{"href":"https:\/\/ecurielestourelles.com\/en_gb\/wp-json\/wp\/v2\/types\/page"}],"author":[{"embeddable":true,"href":"https:\/\/ecurielestourelles.com\/en_gb\/wp-json\/wp\/v2\/users\/5"}],"replies":[{"embeddable":true,"href":"https:\/\/ecurielestourelles.com\/en_gb\/wp-json\/wp\/v2\/comments?post=5728"}],"version-history":[{"count":118,"href":"https:\/\/ecurielestourelles.com\/en_gb\/wp-json\/wp\/v2\/pages\/5728\/revisions"}],"predecessor-version":[{"id":18481,"href":"https:\/\/ecurielestourelles.com\/en_gb\/wp-json\/wp\/v2\/pages\/5728\/revisions\/18481"}],"wp:attachment":[{"href":"https:\/\/ecurielestourelles.com\/en_gb\/wp-json\/wp\/v2\/media?parent=5728"}],"curies":[{"name":"wp","href":"https:\/\/api.w.org\/{rel}","templated":true}]}}